{"id":827,"date":"2024-01-10T10:45:28","date_gmt":"2024-01-10T09:45:28","guid":{"rendered":"https:\/\/procainsa.com\/privacy-policy\/"},"modified":"2024-03-23T11:52:24","modified_gmt":"2024-03-23T10:52:24","slug":"privacy-policy","status":"publish","type":"page","link":"https:\/\/procainsa.com\/en\/privacy-policy\/","title":{"rendered":"Privacy policy"},"content":{"rendered":"\n<p>This Privacy Policy sets out the terms in which <strong><em>PROCAINSA, S.A.<\/em><\/strong> with CIF A58670043, uses and protects the information provided by its users at the time of using its website. This Organization is committed to the security of the personal data of its users. When we ask you to fill in the personal information fields with which you can be identified, we do this by ensuring that they will only be used in accordance with the terms of this document.  <strong> <\/strong><\/p>\n\n<p><strong><em>PROCAINSA, SA,<\/em><\/strong> in accordance with current regulations on the protection of personal data, informs that the personal data collected through the website form: <a href=\"https:\/\/www.procainsa.com\/\">www.procainsa.com<\/a>, are included in the user-specific automated files of the services of PROCAINSA, S.A. <strong><em>PROCAINSA, S.A.<\/em><\/strong><\/p>\n\n<p>The automatic collection and processing of personal data are intended to maintain the commercial relationship and fulfil information, training, advice and other activities of <strong><em>PROCAINSA, S.A.<\/em><\/strong><\/p>\n\n<p>These data will only be transferred to those entities that are necessary for the sole purpose of fulfilling the purpose stated above.<\/p>\n\n<p><strong><em>PROCAINSA, S.A.<\/em><\/strong> takes the necessary measures to guarantee the security, integrity and confidentiality of the data in accordance with the provisions of Regulation (EU) 2016\/679 of the European Parliament and of the Council, of April 27, 2016, on the protection of individuals regarding the processing of personal data and its circullation.<\/p>\n\n<p>The user may at any time exercise the rights of access, rectification, limitation of treatment, cancellation, opposition and portability, recognized in the aforementioned Regulation (EU).<\/p>\n","protected":false},"excerpt":{"rendered":"<p>This Privacy Policy sets out the terms in which PROCAINSA, S.A. with CIF A58670043, uses and protects the information provided by its users at the time of using its website. This Organization is committed to the security of the personal data of its users. When we ask you to fill in the personal information fields [&hellip;]<\/p>\n","protected":false},"author":3,"featured_media":0,"parent":0,"menu_order":0,"comment_status":"closed","ping_status":"closed","template":"","meta":{"footnotes":""},"class_list":["post-827","page","type-page","status-publish","hentry"],"yoast_head":"<!-- This site is optimized with the Yoast SEO plugin v27.4 - https:\/\/yoast.com\/product\/yoast-seo-wordpress\/ -->\n<title>Privacy policy - Protecci\u00f3n cat\u00f3dica y Gesti\u00f3n de la integridad | Procainsa<\/title>\n<meta name=\"robots\" content=\"index, follow, max-snippet:-1, max-image-preview:large, max-video-preview:-1\" \/>\n<link rel=\"canonical\" href=\"https:\/\/procainsa.com\/en\/privacy-policy\/\" \/>\n<meta property=\"og:locale\" content=\"en_US\" \/>\n<meta property=\"og:type\" content=\"article\" \/>\n<meta property=\"og:title\" content=\"Privacy policy - Protecci\u00f3n cat\u00f3dica y Gesti\u00f3n de la integridad | Procainsa\" \/>\n<meta property=\"og:description\" content=\"This Privacy Policy sets out the terms in which PROCAINSA, S.A. with CIF A58670043, uses and protects the information provided by its users at the time of using its website. This Organization is committed to the security of the personal data of its users. When we ask you to fill in the personal information fields [&hellip;]\" \/>\n<meta property=\"og:url\" content=\"https:\/\/procainsa.com\/en\/privacy-policy\/\" \/>\n<meta property=\"og:site_name\" content=\"Protecci\u00f3n cat\u00f3dica y Gesti\u00f3n de la integridad | Procainsa\" \/>\n<meta property=\"article:modified_time\" content=\"2024-03-23T10:52:24+00:00\" \/>\n<meta property=\"og:image\" content=\"https:\/\/procainsa.com\/wp-content\/uploads\/LOGO.png\" \/>\n\t<meta property=\"og:image:width\" content=\"350\" \/>\n\t<meta property=\"og:image:height\" content=\"76\" \/>\n\t<meta property=\"og:image:type\" content=\"image\/png\" \/>\n<meta name=\"twitter:card\" content=\"summary_large_image\" \/>\n<meta name=\"twitter:label1\" content=\"Est. reading time\" \/>\n\t<meta name=\"twitter:data1\" content=\"1 minute\" \/>\n<script type=\"application\/ld+json\" class=\"yoast-schema-graph\">{\"@context\":\"https:\\\/\\\/schema.org\",\"@graph\":[{\"@type\":\"WebPage\",\"@id\":\"https:\\\/\\\/procainsa.com\\\/en\\\/privacy-policy\\\/\",\"url\":\"https:\\\/\\\/procainsa.com\\\/en\\\/privacy-policy\\\/\",\"name\":\"Privacy policy - Protecci\u00f3n cat\u00f3dica y Gesti\u00f3n de la integridad | Procainsa\",\"isPartOf\":{\"@id\":\"https:\\\/\\\/procainsa.com\\\/en\\\/#website\"},\"datePublished\":\"2024-01-10T09:45:28+00:00\",\"dateModified\":\"2024-03-23T10:52:24+00:00\",\"breadcrumb\":{\"@id\":\"https:\\\/\\\/procainsa.com\\\/en\\\/privacy-policy\\\/#breadcrumb\"},\"inLanguage\":\"en-US\",\"potentialAction\":[{\"@type\":\"ReadAction\",\"target\":[\"https:\\\/\\\/procainsa.com\\\/en\\\/privacy-policy\\\/\"]}]},{\"@type\":\"BreadcrumbList\",\"@id\":\"https:\\\/\\\/procainsa.com\\\/en\\\/privacy-policy\\\/#breadcrumb\",\"itemListElement\":[{\"@type\":\"ListItem\",\"position\":1,\"name\":\"Portada\",\"item\":\"https:\\\/\\\/procainsa.com\\\/en\\\/procainsa\\\/\"},{\"@type\":\"ListItem\",\"position\":2,\"name\":\"Privacy policy\"}]},{\"@type\":\"WebSite\",\"@id\":\"https:\\\/\\\/procainsa.com\\\/en\\\/#website\",\"url\":\"https:\\\/\\\/procainsa.com\\\/en\\\/\",\"name\":\"Procainsa\",\"description\":\"Soluciones de Ingenier\u00eda avanzada\",\"publisher\":{\"@id\":\"https:\\\/\\\/procainsa.com\\\/en\\\/#organization\"},\"alternateName\":\"Procainsa | Protecci\u00f3n Cat\u00f3dica\",\"potentialAction\":[{\"@type\":\"SearchAction\",\"target\":{\"@type\":\"EntryPoint\",\"urlTemplate\":\"https:\\\/\\\/procainsa.com\\\/en\\\/?s={search_term_string}\"},\"query-input\":{\"@type\":\"PropertyValueSpecification\",\"valueRequired\":true,\"valueName\":\"search_term_string\"}}],\"inLanguage\":\"en-US\"},{\"@type\":\"Organization\",\"@id\":\"https:\\\/\\\/procainsa.com\\\/en\\\/#organization\",\"name\":\"Procainsa S.A\",\"url\":\"https:\\\/\\\/procainsa.com\\\/en\\\/\",\"logo\":{\"@type\":\"ImageObject\",\"inLanguage\":\"en-US\",\"@id\":\"https:\\\/\\\/procainsa.com\\\/en\\\/#\\\/schema\\\/logo\\\/image\\\/\",\"url\":\"https:\\\/\\\/procainsa.com\\\/wp-content\\\/uploads\\\/LOGO.png\",\"contentUrl\":\"https:\\\/\\\/procainsa.com\\\/wp-content\\\/uploads\\\/LOGO.png\",\"width\":350,\"height\":76,\"caption\":\"Procainsa S.A\"},\"image\":{\"@id\":\"https:\\\/\\\/procainsa.com\\\/en\\\/#\\\/schema\\\/logo\\\/image\\\/\"},\"sameAs\":[\"https:\\\/\\\/www.linkedin.com\\\/company\\\/procainsa-ingenieria\\\/\"]}]}<\/script>\n<!-- \/ Yoast SEO plugin. -->","yoast_head_json":{"title":"Privacy policy - Protecci\u00f3n cat\u00f3dica y Gesti\u00f3n de la integridad | Procainsa","robots":{"index":"index","follow":"follow","max-snippet":"max-snippet:-1","max-image-preview":"max-image-preview:large","max-video-preview":"max-video-preview:-1"},"canonical":"https:\/\/procainsa.com\/en\/privacy-policy\/","og_locale":"en_US","og_type":"article","og_title":"Privacy policy - Protecci\u00f3n cat\u00f3dica y Gesti\u00f3n de la integridad | Procainsa","og_description":"This Privacy Policy sets out the terms in which PROCAINSA, S.A. with CIF A58670043, uses and protects the information provided by its users at the time of using its website. This Organization is committed to the security of the personal data of its users. When we ask you to fill in the personal information fields [&hellip;]","og_url":"https:\/\/procainsa.com\/en\/privacy-policy\/","og_site_name":"Protecci\u00f3n cat\u00f3dica y Gesti\u00f3n de la integridad | Procainsa","article_modified_time":"2024-03-23T10:52:24+00:00","og_image":[{"width":350,"height":76,"url":"https:\/\/procainsa.com\/wp-content\/uploads\/LOGO.png","type":"image\/png"}],"twitter_card":"summary_large_image","twitter_misc":{"Est. reading time":"1 minute"},"schema":{"@context":"https:\/\/schema.org","@graph":[{"@type":"WebPage","@id":"https:\/\/procainsa.com\/en\/privacy-policy\/","url":"https:\/\/procainsa.com\/en\/privacy-policy\/","name":"Privacy policy - Protecci\u00f3n cat\u00f3dica y Gesti\u00f3n de la integridad | Procainsa","isPartOf":{"@id":"https:\/\/procainsa.com\/en\/#website"},"datePublished":"2024-01-10T09:45:28+00:00","dateModified":"2024-03-23T10:52:24+00:00","breadcrumb":{"@id":"https:\/\/procainsa.com\/en\/privacy-policy\/#breadcrumb"},"inLanguage":"en-US","potentialAction":[{"@type":"ReadAction","target":["https:\/\/procainsa.com\/en\/privacy-policy\/"]}]},{"@type":"BreadcrumbList","@id":"https:\/\/procainsa.com\/en\/privacy-policy\/#breadcrumb","itemListElement":[{"@type":"ListItem","position":1,"name":"Portada","item":"https:\/\/procainsa.com\/en\/procainsa\/"},{"@type":"ListItem","position":2,"name":"Privacy policy"}]},{"@type":"WebSite","@id":"https:\/\/procainsa.com\/en\/#website","url":"https:\/\/procainsa.com\/en\/","name":"Procainsa","description":"Soluciones de Ingenier\u00eda avanzada","publisher":{"@id":"https:\/\/procainsa.com\/en\/#organization"},"alternateName":"Procainsa | Protecci\u00f3n Cat\u00f3dica","potentialAction":[{"@type":"SearchAction","target":{"@type":"EntryPoint","urlTemplate":"https:\/\/procainsa.com\/en\/?s={search_term_string}"},"query-input":{"@type":"PropertyValueSpecification","valueRequired":true,"valueName":"search_term_string"}}],"inLanguage":"en-US"},{"@type":"Organization","@id":"https:\/\/procainsa.com\/en\/#organization","name":"Procainsa S.A","url":"https:\/\/procainsa.com\/en\/","logo":{"@type":"ImageObject","inLanguage":"en-US","@id":"https:\/\/procainsa.com\/en\/#\/schema\/logo\/image\/","url":"https:\/\/procainsa.com\/wp-content\/uploads\/LOGO.png","contentUrl":"https:\/\/procainsa.com\/wp-content\/uploads\/LOGO.png","width":350,"height":76,"caption":"Procainsa S.A"},"image":{"@id":"https:\/\/procainsa.com\/en\/#\/schema\/logo\/image\/"},"sameAs":["https:\/\/www.linkedin.com\/company\/procainsa-ingenieria\/"]}]}},"_links":{"self":[{"href":"https:\/\/procainsa.com\/en\/wp-json\/wp\/v2\/pages\/827","targetHints":{"allow":["GET"]}}],"collection":[{"href":"https:\/\/procainsa.com\/en\/wp-json\/wp\/v2\/pages"}],"about":[{"href":"https:\/\/procainsa.com\/en\/wp-json\/wp\/v2\/types\/page"}],"author":[{"embeddable":true,"href":"https:\/\/procainsa.com\/en\/wp-json\/wp\/v2\/users\/3"}],"replies":[{"embeddable":true,"href":"https:\/\/procainsa.com\/en\/wp-json\/wp\/v2\/comments?post=827"}],"version-history":[{"count":1,"href":"https:\/\/procainsa.com\/en\/wp-json\/wp\/v2\/pages\/827\/revisions"}],"predecessor-version":[{"id":828,"href":"https:\/\/procainsa.com\/en\/wp-json\/wp\/v2\/pages\/827\/revisions\/828"}],"wp:attachment":[{"href":"https:\/\/procainsa.com\/en\/wp-json\/wp\/v2\/media?parent=827"}],"curies":[{"name":"wp","href":"https:\/\/api.w.org\/{rel}","templated":true}]}}