{"id":825,"date":"2024-01-10T10:31:22","date_gmt":"2024-01-10T09:31:22","guid":{"rendered":"https:\/\/procainsa.com\/legal-warning\/"},"modified":"2024-03-23T11:50:37","modified_gmt":"2024-03-23T10:50:37","slug":"legal-warning","status":"publish","type":"page","link":"https:\/\/procainsa.com\/en\/legal-warning\/","title":{"rendered":"Legal Warning"},"content":{"rendered":"\n<p><em><strong>PROCAINSA, S.A.<\/strong><\/em>, registered in the Mercantile Registry of Barcelona, \u200b\u200bVolume 9,434, Book 8,622, Section. 2\u00aa, Page 106, Sheet n\u00ba 115.589, assigned CIF A58670043 and address at Calle Major n\u00ba 40 \u2013 08221 Terrassa (Barcelona); cannot assume any responsibility derived from the incorrect, inappropriate or illegal use of the information that appears on its website. <\/p>\n\n<p>In compliance with the law, <em><strong>PROCAINSA, S.A<\/strong><\/em>. does not assume any responsibility derived from the lack of veracity, integrity, updating and precision of the data or information that is contained in its Internet pages.<\/p>\n\n<p>The contents and information do not bind <em><strong>PROCAINSA, S.A.<\/strong><\/em> nor do they constitute opinions, advice or legal advice of any kind as it is merely a service offered for informational and educational purposes.<\/p>\n\n<p>The <em><strong>PROCAINSA, S.A.<\/strong><\/em> website may contain links to other third party pages that <em><strong>PROCAINSA, S.A.<\/strong><\/em> cannot control Therefore, PROCAINSA, S.A. cannot assume responsibilities for the content that may appear on third party pages. <\/p>\n\n<p>Texts, images, sounds, animations, software and other content included on this website are exclusive property of <em><strong>PROCAINSA, S.A.<\/strong><\/em> or its licensors. Any act of transmission, distribution, assignment, reproduction, storage, or total or partial public communication; must have the express consent of <em><strong>PROCAINSA, S.A.<\/strong><\/em> <\/p>\n\n<p>Furthermore, to access some of the services that <em><strong>PROCAINSA, S.A.<\/strong><\/em> offers through the website you must provide some personal data. In compliance with the provisions of Regulation (EU) 2016\/679 of the European Parliament and of the Council, of April 27, 2016, regarding the protection of natural persons with regard to the processing of personal data and the free movement of these data, we inform you that, by completing these forms, your personal data will be incorporated and will be processed in the files of <em><strong>PROCAINSA, S.A.<\/strong><\/em> in order to be able to provide and offer our services, as well as to inform you of the improvements on the website. Likewise, we inform you of the possibility of exercising the rights of access, rectification, cancellation and opposition of your personal data, free of charge by email to <a href=\"mailto:pd@procainsa.com\">pd@procainsa.com<\/a> or at Calle Major n\u00ba 40 \u2013 08221 Terrassa ( Barcelona) \u2013 Addressed to Data Protection Officer.    Data Protection Delegate.<\/p>\n\n<h3 class=\"wp-block-heading\">INTELLECTUAL PROPERTY RIGHTS<\/h3>\n\n<p><em><strong>PROCAINSA, S.A.<\/strong><\/em> is the owner of all copyrights, intellectual and industrial property and all other rights related to the contents of the website www.procainsa.com and the offered services therein, as well as the programs necessary for its implementation and the information related.<\/p>\n\n<p>The reproduction, publication and\/or non-strictly private use of all contents, totally or partially, in the website <a href=\"https:\/\/www.procainsa.com\/\">www.procainsa.com<\/a> is not allowed without prior written consent.<\/p>\n","protected":false},"excerpt":{"rendered":"<p>PROCAINSA, S.A., registered in the Mercantile Registry of Barcelona, \u200b\u200bVolume 9,434, Book 8,622, Section. 2\u00aa, Page 106, Sheet n\u00ba 115.589, assigned CIF A58670043 and address at Calle Major n\u00ba 40 \u2013 08221 Terrassa (Barcelona); cannot assume any responsibility derived from the incorrect, inappropriate or illegal use of the information that appears on its website. In [&hellip;]<\/p>\n","protected":false},"author":3,"featured_media":0,"parent":0,"menu_order":0,"comment_status":"closed","ping_status":"closed","template":"","meta":{"footnotes":""},"class_list":["post-825","page","type-page","status-publish","hentry"],"yoast_head":"<!-- This site is optimized with the Yoast SEO plugin v27.4 - https:\/\/yoast.com\/product\/yoast-seo-wordpress\/ -->\n<title>Legal Warning - Protecci\u00f3n cat\u00f3dica y Gesti\u00f3n de la integridad | Procainsa<\/title>\n<meta name=\"robots\" content=\"index, follow, max-snippet:-1, max-image-preview:large, max-video-preview:-1\" \/>\n<link rel=\"canonical\" href=\"https:\/\/procainsa.com\/en\/legal-warning\/\" \/>\n<meta property=\"og:locale\" content=\"en_US\" \/>\n<meta property=\"og:type\" content=\"article\" \/>\n<meta property=\"og:title\" content=\"Legal Warning - Protecci\u00f3n cat\u00f3dica y Gesti\u00f3n de la integridad | Procainsa\" \/>\n<meta property=\"og:description\" content=\"PROCAINSA, S.A., registered in the Mercantile Registry of Barcelona, \u200b\u200bVolume 9,434, Book 8,622, Section. 2\u00aa, Page 106, Sheet n\u00ba 115.589, assigned CIF A58670043 and address at Calle Major n\u00ba 40 \u2013 08221 Terrassa (Barcelona); cannot assume any responsibility derived from the incorrect, inappropriate or illegal use of the information that appears on its website. In [&hellip;]\" \/>\n<meta property=\"og:url\" content=\"https:\/\/procainsa.com\/en\/legal-warning\/\" \/>\n<meta property=\"og:site_name\" content=\"Protecci\u00f3n cat\u00f3dica y Gesti\u00f3n de la integridad | Procainsa\" \/>\n<meta property=\"article:modified_time\" content=\"2024-03-23T10:50:37+00:00\" \/>\n<meta property=\"og:image\" content=\"https:\/\/procainsa.com\/wp-content\/uploads\/LOGO.png\" \/>\n\t<meta property=\"og:image:width\" content=\"350\" \/>\n\t<meta property=\"og:image:height\" content=\"76\" \/>\n\t<meta property=\"og:image:type\" content=\"image\/png\" \/>\n<meta name=\"twitter:card\" content=\"summary_large_image\" \/>\n<meta name=\"twitter:label1\" content=\"Est. reading time\" \/>\n\t<meta name=\"twitter:data1\" content=\"2 minutes\" \/>\n<script type=\"application\/ld+json\" class=\"yoast-schema-graph\">{\"@context\":\"https:\\\/\\\/schema.org\",\"@graph\":[{\"@type\":\"WebPage\",\"@id\":\"https:\\\/\\\/procainsa.com\\\/en\\\/legal-warning\\\/\",\"url\":\"https:\\\/\\\/procainsa.com\\\/en\\\/legal-warning\\\/\",\"name\":\"Legal Warning - Protecci\u00f3n cat\u00f3dica y Gesti\u00f3n de la integridad | Procainsa\",\"isPartOf\":{\"@id\":\"https:\\\/\\\/procainsa.com\\\/en\\\/#website\"},\"datePublished\":\"2024-01-10T09:31:22+00:00\",\"dateModified\":\"2024-03-23T10:50:37+00:00\",\"breadcrumb\":{\"@id\":\"https:\\\/\\\/procainsa.com\\\/en\\\/legal-warning\\\/#breadcrumb\"},\"inLanguage\":\"en-US\",\"potentialAction\":[{\"@type\":\"ReadAction\",\"target\":[\"https:\\\/\\\/procainsa.com\\\/en\\\/legal-warning\\\/\"]}]},{\"@type\":\"BreadcrumbList\",\"@id\":\"https:\\\/\\\/procainsa.com\\\/en\\\/legal-warning\\\/#breadcrumb\",\"itemListElement\":[{\"@type\":\"ListItem\",\"position\":1,\"name\":\"Portada\",\"item\":\"https:\\\/\\\/procainsa.com\\\/en\\\/procainsa\\\/\"},{\"@type\":\"ListItem\",\"position\":2,\"name\":\"Legal Warning\"}]},{\"@type\":\"WebSite\",\"@id\":\"https:\\\/\\\/procainsa.com\\\/en\\\/#website\",\"url\":\"https:\\\/\\\/procainsa.com\\\/en\\\/\",\"name\":\"Procainsa\",\"description\":\"Soluciones de Ingenier\u00eda avanzada\",\"publisher\":{\"@id\":\"https:\\\/\\\/procainsa.com\\\/en\\\/#organization\"},\"alternateName\":\"Procainsa | Protecci\u00f3n Cat\u00f3dica\",\"potentialAction\":[{\"@type\":\"SearchAction\",\"target\":{\"@type\":\"EntryPoint\",\"urlTemplate\":\"https:\\\/\\\/procainsa.com\\\/en\\\/?s={search_term_string}\"},\"query-input\":{\"@type\":\"PropertyValueSpecification\",\"valueRequired\":true,\"valueName\":\"search_term_string\"}}],\"inLanguage\":\"en-US\"},{\"@type\":\"Organization\",\"@id\":\"https:\\\/\\\/procainsa.com\\\/en\\\/#organization\",\"name\":\"Procainsa S.A\",\"url\":\"https:\\\/\\\/procainsa.com\\\/en\\\/\",\"logo\":{\"@type\":\"ImageObject\",\"inLanguage\":\"en-US\",\"@id\":\"https:\\\/\\\/procainsa.com\\\/en\\\/#\\\/schema\\\/logo\\\/image\\\/\",\"url\":\"https:\\\/\\\/procainsa.com\\\/wp-content\\\/uploads\\\/LOGO.png\",\"contentUrl\":\"https:\\\/\\\/procainsa.com\\\/wp-content\\\/uploads\\\/LOGO.png\",\"width\":350,\"height\":76,\"caption\":\"Procainsa S.A\"},\"image\":{\"@id\":\"https:\\\/\\\/procainsa.com\\\/en\\\/#\\\/schema\\\/logo\\\/image\\\/\"},\"sameAs\":[\"https:\\\/\\\/www.linkedin.com\\\/company\\\/procainsa-ingenieria\\\/\"]}]}<\/script>\n<!-- \/ Yoast SEO plugin. -->","yoast_head_json":{"title":"Legal Warning - Protecci\u00f3n cat\u00f3dica y Gesti\u00f3n de la integridad | Procainsa","robots":{"index":"index","follow":"follow","max-snippet":"max-snippet:-1","max-image-preview":"max-image-preview:large","max-video-preview":"max-video-preview:-1"},"canonical":"https:\/\/procainsa.com\/en\/legal-warning\/","og_locale":"en_US","og_type":"article","og_title":"Legal Warning - Protecci\u00f3n cat\u00f3dica y Gesti\u00f3n de la integridad | Procainsa","og_description":"PROCAINSA, S.A., registered in the Mercantile Registry of Barcelona, \u200b\u200bVolume 9,434, Book 8,622, Section. 2\u00aa, Page 106, Sheet n\u00ba 115.589, assigned CIF A58670043 and address at Calle Major n\u00ba 40 \u2013 08221 Terrassa (Barcelona); cannot assume any responsibility derived from the incorrect, inappropriate or illegal use of the information that appears on its website. In [&hellip;]","og_url":"https:\/\/procainsa.com\/en\/legal-warning\/","og_site_name":"Protecci\u00f3n cat\u00f3dica y Gesti\u00f3n de la integridad | Procainsa","article_modified_time":"2024-03-23T10:50:37+00:00","og_image":[{"width":350,"height":76,"url":"https:\/\/procainsa.com\/wp-content\/uploads\/LOGO.png","type":"image\/png"}],"twitter_card":"summary_large_image","twitter_misc":{"Est. reading time":"2 minutes"},"schema":{"@context":"https:\/\/schema.org","@graph":[{"@type":"WebPage","@id":"https:\/\/procainsa.com\/en\/legal-warning\/","url":"https:\/\/procainsa.com\/en\/legal-warning\/","name":"Legal Warning - Protecci\u00f3n cat\u00f3dica y Gesti\u00f3n de la integridad | Procainsa","isPartOf":{"@id":"https:\/\/procainsa.com\/en\/#website"},"datePublished":"2024-01-10T09:31:22+00:00","dateModified":"2024-03-23T10:50:37+00:00","breadcrumb":{"@id":"https:\/\/procainsa.com\/en\/legal-warning\/#breadcrumb"},"inLanguage":"en-US","potentialAction":[{"@type":"ReadAction","target":["https:\/\/procainsa.com\/en\/legal-warning\/"]}]},{"@type":"BreadcrumbList","@id":"https:\/\/procainsa.com\/en\/legal-warning\/#breadcrumb","itemListElement":[{"@type":"ListItem","position":1,"name":"Portada","item":"https:\/\/procainsa.com\/en\/procainsa\/"},{"@type":"ListItem","position":2,"name":"Legal Warning"}]},{"@type":"WebSite","@id":"https:\/\/procainsa.com\/en\/#website","url":"https:\/\/procainsa.com\/en\/","name":"Procainsa","description":"Soluciones de Ingenier\u00eda avanzada","publisher":{"@id":"https:\/\/procainsa.com\/en\/#organization"},"alternateName":"Procainsa | Protecci\u00f3n Cat\u00f3dica","potentialAction":[{"@type":"SearchAction","target":{"@type":"EntryPoint","urlTemplate":"https:\/\/procainsa.com\/en\/?s={search_term_string}"},"query-input":{"@type":"PropertyValueSpecification","valueRequired":true,"valueName":"search_term_string"}}],"inLanguage":"en-US"},{"@type":"Organization","@id":"https:\/\/procainsa.com\/en\/#organization","name":"Procainsa S.A","url":"https:\/\/procainsa.com\/en\/","logo":{"@type":"ImageObject","inLanguage":"en-US","@id":"https:\/\/procainsa.com\/en\/#\/schema\/logo\/image\/","url":"https:\/\/procainsa.com\/wp-content\/uploads\/LOGO.png","contentUrl":"https:\/\/procainsa.com\/wp-content\/uploads\/LOGO.png","width":350,"height":76,"caption":"Procainsa S.A"},"image":{"@id":"https:\/\/procainsa.com\/en\/#\/schema\/logo\/image\/"},"sameAs":["https:\/\/www.linkedin.com\/company\/procainsa-ingenieria\/"]}]}},"_links":{"self":[{"href":"https:\/\/procainsa.com\/en\/wp-json\/wp\/v2\/pages\/825","targetHints":{"allow":["GET"]}}],"collection":[{"href":"https:\/\/procainsa.com\/en\/wp-json\/wp\/v2\/pages"}],"about":[{"href":"https:\/\/procainsa.com\/en\/wp-json\/wp\/v2\/types\/page"}],"author":[{"embeddable":true,"href":"https:\/\/procainsa.com\/en\/wp-json\/wp\/v2\/users\/3"}],"replies":[{"embeddable":true,"href":"https:\/\/procainsa.com\/en\/wp-json\/wp\/v2\/comments?post=825"}],"version-history":[{"count":1,"href":"https:\/\/procainsa.com\/en\/wp-json\/wp\/v2\/pages\/825\/revisions"}],"predecessor-version":[{"id":826,"href":"https:\/\/procainsa.com\/en\/wp-json\/wp\/v2\/pages\/825\/revisions\/826"}],"wp:attachment":[{"href":"https:\/\/procainsa.com\/en\/wp-json\/wp\/v2\/media?parent=825"}],"curies":[{"name":"wp","href":"https:\/\/api.w.org\/{rel}","templated":true}]}}