{"id":564,"date":"2023-12-27T17:17:56","date_gmt":"2023-12-27T16:17:56","guid":{"rendered":"https:\/\/procainsa.com\/about-us\/"},"modified":"2024-03-22T19:38:15","modified_gmt":"2024-03-22T18:38:15","slug":"about-us","status":"publish","type":"page","link":"https:\/\/procainsa.com\/en\/about-us\/","title":{"rendered":"About us"},"content":{"rendered":"\t\t<div data-elementor-type=\"wp-page\" data-elementor-id=\"564\" class=\"elementor elementor-564 elementor-41\" data-elementor-post-type=\"page\">\n\t\t\t\t<div class=\"elementor-element elementor-element-aa5f171 e-flex e-con-boxed e-con e-parent\" data-id=\"aa5f171\" data-element_type=\"container\" data-e-type=\"container\" data-settings=\"{&quot;background_background&quot;:&quot;classic&quot;}\">\n\t\t\t\t\t<div class=\"e-con-inner\">\n\t\t\t\t\t<\/div>\n\t\t\t\t<\/div>\n\t\t<div class=\"elementor-element elementor-element-83c8e83 e-flex e-con-boxed e-con e-parent\" data-id=\"83c8e83\" data-element_type=\"container\" data-e-type=\"container\">\n\t\t\t\t\t<div class=\"e-con-inner\">\n\t\t\t\t<div class=\"elementor-element elementor-element-8a521c3 elementor-widget elementor-widget-heading\" data-id=\"8a521c3\" data-element_type=\"widget\" data-e-type=\"widget\" data-widget_type=\"heading.default\">\n\t\t\t\t<div class=\"elementor-widget-container\">\n\t\t\t\t\t<h2 class=\"elementor-heading-title elementor-size-default\">since 1988<\/h2>\t\t\t\t<\/div>\n\t\t\t\t<\/div>\n\t\t\t\t\t<\/div>\n\t\t\t\t<\/div>\n\t\t<div class=\"elementor-element elementor-element-0ffe0d8 e-flex e-con-boxed e-con e-parent\" data-id=\"0ffe0d8\" data-element_type=\"container\" data-e-type=\"container\">\n\t\t\t\t\t<div class=\"e-con-inner\">\n\t\t<div class=\"elementor-element elementor-element-b48ca54 e-con-full e-flex e-con e-child\" data-id=\"b48ca54\" data-element_type=\"container\" data-e-type=\"container\" data-settings=\"{&quot;background_background&quot;:&quot;classic&quot;}\">\n\t\t\t\t<\/div>\n\t\t<div class=\"elementor-element elementor-element-4f2b77e e-con-full e-flex e-con e-child\" data-id=\"4f2b77e\" data-element_type=\"container\" data-e-type=\"container\">\n\t\t\t\t<div class=\"elementor-element elementor-element-4d4bf09 elementor-widget elementor-widget-heading\" data-id=\"4d4bf09\" data-element_type=\"widget\" data-e-type=\"widget\" data-widget_type=\"heading.default\">\n\t\t\t\t<div class=\"elementor-widget-container\">\n\t\t\t\t\t<h4 class=\"elementor-heading-title elementor-size-default\">Procainsa S.A.<\/h4>\t\t\t\t<\/div>\n\t\t\t\t<\/div>\n\t\t\t\t<div class=\"elementor-element elementor-element-9ca51d2 elementor-widget elementor-widget-heading\" data-id=\"9ca51d2\" data-element_type=\"widget\" data-e-type=\"widget\" data-widget_type=\"heading.default\">\n\t\t\t\t<div class=\"elementor-widget-container\">\n\t\t\t\t\t<h2 class=\"elementor-heading-title elementor-size-default\">Specialists in cathodic protection and integrity management<\/h2>\t\t\t\t<\/div>\n\t\t\t\t<\/div>\n\t\t\t\t<div class=\"elementor-element elementor-element-a720d16 elementor-widget elementor-widget-text-editor\" data-id=\"a720d16\" data-element_type=\"widget\" data-e-type=\"widget\" data-widget_type=\"text-editor.default\">\n\t\t\t\t<div class=\"elementor-widget-container\">\n\t\t\t\t\t\t\t\t\t<p><strong>Meeting the Highest Standards in Cathodic Protection and Integrity Management<\/strong><\/p>\n<p>Since its foundation in 1988, Procainsa SA has stood out as a leading consultancy in <strong>Cathodic Protection<\/strong> and <strong>Integrity Management.<\/strong> Over the years, we have provided services in various sectors, including <strong>Oil&amp;Gas<\/strong>, marine, petrochemical and storage tank farms. Our experience extends to regions such as <strong>Europe<\/strong>, <strong>North Africa<\/strong> and <strong>South America<\/strong>.  <\/p>\n<p>Our technical team is highly trained and certified by <strong>NACE<\/strong> (National Association of Corrosion Engineers), guaranteeing the highest standards of quality and professionalism in each project.<\/p>\n<p>In addition, we specialise in <strong>DCVG<\/strong> (Direct Current Voltage Gradient) coating inspections, as well as in high-performance earthing systems and <strong>lightning arresters<\/strong>.<\/p>\n<p>At <strong>Procainsa SA<\/strong>, we are committed to complying with the strictest quality standards. Our organisation has external certifications in the <strong>Quality Management System<\/strong> under the <strong>ISO 9001<\/strong> and <strong>OHSAS 18001<\/strong> standards, ensuring excellence in each of our services. <\/p>\n\t\t\t\t\t\t\t\t<\/div>\n\t\t\t\t<\/div>\n\t\t\t\t<\/div>\n\t\t\t\t\t<\/div>\n\t\t\t\t<\/div>\n\t\t<div class=\"elementor-element elementor-element-138ebc8 e-flex e-con-boxed e-con e-parent\" data-id=\"138ebc8\" data-element_type=\"container\" data-e-type=\"container\" data-settings=\"{&quot;background_background&quot;:&quot;classic&quot;}\">\n\t\t\t\t\t<div class=\"e-con-inner\">\n\t\t<div class=\"elementor-element elementor-element-e109c1f e-flex e-con-boxed e-con e-child\" data-id=\"e109c1f\" data-element_type=\"container\" data-e-type=\"container\">\n\t\t\t\t\t<div class=\"e-con-inner\">\n\t\t\t\t<div class=\"elementor-element elementor-element-fef9389 elementor-widget elementor-widget-heading\" data-id=\"fef9389\" data-element_type=\"widget\" data-e-type=\"widget\" data-widget_type=\"heading.default\">\n\t\t\t\t<div class=\"elementor-widget-container\">\n\t\t\t\t\t<h2 class=\"elementor-heading-title elementor-size-default\">OSH &amp; Quality Policy R.15 - 25\/02\/2020\n<\/h2>\t\t\t\t<\/div>\n\t\t\t\t<\/div>\n\t\t\t\t<div class=\"elementor-element elementor-element-0853c7c elementor-widget elementor-widget-text-editor\" data-id=\"0853c7c\" data-element_type=\"widget\" data-e-type=\"widget\" data-widget_type=\"text-editor.default\">\n\t\t\t\t<div class=\"elementor-widget-container\">\n\t\t\t\t\t\t\t\t\t<p><strong>Commitment to Quality and Safety<\/strong><\/p>\n<p>Since its foundation in <strong>1988<\/strong>, <strong>PROCAINSA, S.A<\/strong>. has been dedicated to the design, manufacture, installation, control and monitoring of <strong>cathodic corrosion protection systems<\/strong>, <strong>earthing systems<\/strong> and <strong>electro-atmospheric discharge<\/strong> protection systems (lightning rods).<\/p>\n<p>At <strong>PROCAINSA<\/strong> we recognise the importance of quality and <strong>OSH<\/strong> (Occupational Health and Safety), therefore we are committed to establishing and developing an <strong>Integrated Management System<\/strong> based on the requirements of the <strong>ISO 9001<\/strong> and <strong>ISO 45001<\/strong> Standards. With this commitment, we seek to achieve the following general principles and objectives: <\/p>\n<ul>\n<li>To increase the satisfaction of our customers, adapting our Quality and OSH objectives, processes, products and services to their present and future needs.<\/li>\n<li>To meet the requirements offered to customers, consolidating their confidence in our organisation.<\/li>\n<li>Ensure compliance with legal requirements affecting our activities and other subscribed requirements.<\/li>\n<li>Select suppliers, subcontractors and partners taking into account quality and safety criteria.<\/li>\n<li>Taking into account the satisfaction, well-being and suggestions of our employees, as well as clarity and confidentiality with our customers.<\/li>\n<li>Analyse the expectations of all stakeholders of our IMS and take the necessary measures to achieve them.<\/li>\n<li>Analyse risks and opportunities related to our activities and take action accordingly to ensure continuous improvement.<\/li>\n<li>Eliminate hazards and reduce OSH risks.<\/li>\n<li>Consider the prevention and correction of problems as a priority objective, including the prevention of harm and deterioration of health.<\/li>\n<li>To ensure the safety of all workers and provide safe and healthy working conditions for the prevention of work-related injuries and health impairment.<\/li>\n<li>To train and motivate all personnel in order to achieve their participation and commitment in the development and improvement of the Quality and OSH System within the Organisation, constantly adapting to new technologies through continuous training.<\/li>\n<li>Effectively allocate roles and responsibilities for each job.<\/li>\n<li>To deal appropriately with non-conformities and\/or incidents in order to achieve the greatest satisfaction of our customers.<\/li>\n<li>Maintain the continuous improvement of processes, procedures and equipment to adapt our services to the requirements of our customers.<\/li>\n<li>To promote the consultation and participation of workers and collaborators in the development of initiatives to achieve continuous improvement, as well as to promote their behaviour in the fulfilment of quality commitments and the prevention of illnesses and harm to people.<\/li>\n<\/ul>\n<p>The objectives established on the basis of this <strong>Quality and OSH Policy<\/strong> are periodically reviewed by <strong>PROCAINSA<\/strong>&#8216;s Management.<\/p>\n\t\t\t\t\t\t\t\t<\/div>\n\t\t\t\t<\/div>\n\t\t\t\t\t<\/div>\n\t\t\t\t<\/div>\n\t\t\t\t\t<\/div>\n\t\t\t\t<\/div>\n\t\t<div class=\"elementor-element elementor-element-b8e90d7 e-flex e-con-boxed e-con e-parent\" data-id=\"b8e90d7\" data-element_type=\"container\" data-e-type=\"container\">\n\t\t\t\t\t<div class=\"e-con-inner\">\n\t\t<div class=\"elementor-element elementor-element-e93ad11 e-con-full e-flex e-con e-child\" data-id=\"e93ad11\" data-element_type=\"container\" data-e-type=\"container\">\n\t\t\t\t<div class=\"elementor-element elementor-element-db92f67 elementor-widget elementor-widget-heading\" data-id=\"db92f67\" data-element_type=\"widget\" data-e-type=\"widget\" data-widget_type=\"heading.default\">\n\t\t\t\t<div class=\"elementor-widget-container\">\n\t\t\t\t\t<h2 class=\"elementor-heading-title elementor-size-default\">Our mision<\/h2>\t\t\t\t<\/div>\n\t\t\t\t<\/div>\n\t\t\t\t<div class=\"elementor-element elementor-element-212a25e elementor-widget elementor-widget-text-editor\" data-id=\"212a25e\" data-element_type=\"widget\" data-e-type=\"widget\" data-widget_type=\"text-editor.default\">\n\t\t\t\t<div class=\"elementor-widget-container\">\n\t\t\t\t\t\t\t\t\t<p><strong>Mission and Commitment<\/strong><\/p>\n<p><strong>Our mission<\/strong> is to serve our customers by providing <strong>Advanced Corrosion Engineering, Integrity Management and Protection solutions<\/strong> aimed at maximising production and safety in buried pipelines, industrial facilities and infrastructure works.<\/p>\n<p>We firmly believe that our reputation is the best way to strengthen and enhance our customer relationships.<\/p>\n\t\t\t\t\t\t\t\t<\/div>\n\t\t\t\t<\/div>\n\t\t\t\t<\/div>\n\t\t<div class=\"elementor-element elementor-element-d9e9a80 e-con-full e-flex e-con e-child\" data-id=\"d9e9a80\" data-element_type=\"container\" data-e-type=\"container\">\n\t\t\t\t<\/div>\n\t\t\t\t\t<\/div>\n\t\t\t\t<\/div>\n\t\t\t\t<\/div>\n\t\t","protected":false},"excerpt":{"rendered":"<p>since 1988 Procainsa S.A. Specialists in cathodic protection and integrity management Meeting the Highest Standards in Cathodic Protection and Integrity Management Since its foundation in 1988, Procainsa SA has stood out as a leading consultancy in Cathodic Protection and Integrity Management. Over the years, we have provided services in various sectors, including Oil&amp;Gas, marine, petrochemical [&hellip;]<\/p>\n","protected":false},"author":3,"featured_media":0,"parent":0,"menu_order":0,"comment_status":"closed","ping_status":"closed","template":"","meta":{"footnotes":""},"class_list":["post-564","page","type-page","status-publish","hentry"],"yoast_head":"<!-- This site is optimized with the Yoast SEO plugin v27.4 - https:\/\/yoast.com\/product\/yoast-seo-wordpress\/ -->\n<title>Since 1988 | Procainsa<\/title>\n<meta name=\"description\" content=\"A leader in Cathodic Protection and Integrity Management since 1988, specialising in DCVG coating inspections and more. | Procainsa S.A\" \/>\n<meta name=\"robots\" content=\"index, follow, max-snippet:-1, max-image-preview:large, max-video-preview:-1\" \/>\n<link rel=\"canonical\" href=\"https:\/\/procainsa.com\/en\/about-us\/\" \/>\n<meta property=\"og:locale\" content=\"en_US\" \/>\n<meta property=\"og:type\" content=\"article\" \/>\n<meta property=\"og:title\" content=\"Since 1988 | Procainsa\" \/>\n<meta property=\"og:description\" content=\"A leader in Cathodic Protection and Integrity Management since 1988, specialising in DCVG coating inspections and more. | Procainsa S.A\" \/>\n<meta property=\"og:url\" content=\"https:\/\/procainsa.com\/en\/about-us\/\" \/>\n<meta property=\"og:site_name\" content=\"Protecci\u00f3n cat\u00f3dica y Gesti\u00f3n de la integridad | Procainsa\" \/>\n<meta property=\"article:modified_time\" content=\"2024-03-22T18:38:15+00:00\" \/>\n<meta property=\"og:image\" content=\"https:\/\/procainsa.com\/wp-content\/uploads\/LOGO.png\" \/>\n\t<meta property=\"og:image:width\" content=\"350\" \/>\n\t<meta property=\"og:image:height\" content=\"76\" \/>\n\t<meta property=\"og:image:type\" content=\"image\/png\" \/>\n<meta name=\"twitter:card\" content=\"summary_large_image\" \/>\n<meta name=\"twitter:label1\" content=\"Est. reading time\" \/>\n\t<meta name=\"twitter:data1\" content=\"3 minutes\" \/>\n<script type=\"application\/ld+json\" class=\"yoast-schema-graph\">{\"@context\":\"https:\\\/\\\/schema.org\",\"@graph\":[{\"@type\":\"WebPage\",\"@id\":\"https:\\\/\\\/procainsa.com\\\/en\\\/about-us\\\/\",\"url\":\"https:\\\/\\\/procainsa.com\\\/en\\\/about-us\\\/\",\"name\":\"Since 1988 | Procainsa\",\"isPartOf\":{\"@id\":\"https:\\\/\\\/procainsa.com\\\/en\\\/#website\"},\"datePublished\":\"2023-12-27T16:17:56+00:00\",\"dateModified\":\"2024-03-22T18:38:15+00:00\",\"description\":\"A leader in Cathodic Protection and Integrity Management since 1988, specialising in DCVG coating inspections and more. | Procainsa S.A\",\"breadcrumb\":{\"@id\":\"https:\\\/\\\/procainsa.com\\\/en\\\/about-us\\\/#breadcrumb\"},\"inLanguage\":\"en-US\",\"potentialAction\":[{\"@type\":\"ReadAction\",\"target\":[\"https:\\\/\\\/procainsa.com\\\/en\\\/about-us\\\/\"]}]},{\"@type\":\"BreadcrumbList\",\"@id\":\"https:\\\/\\\/procainsa.com\\\/en\\\/about-us\\\/#breadcrumb\",\"itemListElement\":[{\"@type\":\"ListItem\",\"position\":1,\"name\":\"Portada\",\"item\":\"https:\\\/\\\/procainsa.com\\\/en\\\/procainsa\\\/\"},{\"@type\":\"ListItem\",\"position\":2,\"name\":\"About us\"}]},{\"@type\":\"WebSite\",\"@id\":\"https:\\\/\\\/procainsa.com\\\/en\\\/#website\",\"url\":\"https:\\\/\\\/procainsa.com\\\/en\\\/\",\"name\":\"Procainsa\",\"description\":\"Soluciones de Ingenier\u00eda avanzada\",\"publisher\":{\"@id\":\"https:\\\/\\\/procainsa.com\\\/en\\\/#organization\"},\"alternateName\":\"Procainsa | Protecci\u00f3n Cat\u00f3dica\",\"potentialAction\":[{\"@type\":\"SearchAction\",\"target\":{\"@type\":\"EntryPoint\",\"urlTemplate\":\"https:\\\/\\\/procainsa.com\\\/en\\\/?s={search_term_string}\"},\"query-input\":{\"@type\":\"PropertyValueSpecification\",\"valueRequired\":true,\"valueName\":\"search_term_string\"}}],\"inLanguage\":\"en-US\"},{\"@type\":\"Organization\",\"@id\":\"https:\\\/\\\/procainsa.com\\\/en\\\/#organization\",\"name\":\"Procainsa S.A\",\"url\":\"https:\\\/\\\/procainsa.com\\\/en\\\/\",\"logo\":{\"@type\":\"ImageObject\",\"inLanguage\":\"en-US\",\"@id\":\"https:\\\/\\\/procainsa.com\\\/en\\\/#\\\/schema\\\/logo\\\/image\\\/\",\"url\":\"https:\\\/\\\/procainsa.com\\\/wp-content\\\/uploads\\\/LOGO.png\",\"contentUrl\":\"https:\\\/\\\/procainsa.com\\\/wp-content\\\/uploads\\\/LOGO.png\",\"width\":350,\"height\":76,\"caption\":\"Procainsa S.A\"},\"image\":{\"@id\":\"https:\\\/\\\/procainsa.com\\\/en\\\/#\\\/schema\\\/logo\\\/image\\\/\"},\"sameAs\":[\"https:\\\/\\\/www.linkedin.com\\\/company\\\/procainsa-ingenieria\\\/\"]}]}<\/script>\n<!-- \/ Yoast SEO plugin. -->","yoast_head_json":{"title":"Since 1988 | Procainsa","description":"A leader in Cathodic Protection and Integrity Management since 1988, specialising in DCVG coating inspections and more. | Procainsa S.A","robots":{"index":"index","follow":"follow","max-snippet":"max-snippet:-1","max-image-preview":"max-image-preview:large","max-video-preview":"max-video-preview:-1"},"canonical":"https:\/\/procainsa.com\/en\/about-us\/","og_locale":"en_US","og_type":"article","og_title":"Since 1988 | Procainsa","og_description":"A leader in Cathodic Protection and Integrity Management since 1988, specialising in DCVG coating inspections and more. | Procainsa S.A","og_url":"https:\/\/procainsa.com\/en\/about-us\/","og_site_name":"Protecci\u00f3n cat\u00f3dica y Gesti\u00f3n de la integridad | Procainsa","article_modified_time":"2024-03-22T18:38:15+00:00","og_image":[{"width":350,"height":76,"url":"https:\/\/procainsa.com\/wp-content\/uploads\/LOGO.png","type":"image\/png"}],"twitter_card":"summary_large_image","twitter_misc":{"Est. reading time":"3 minutes"},"schema":{"@context":"https:\/\/schema.org","@graph":[{"@type":"WebPage","@id":"https:\/\/procainsa.com\/en\/about-us\/","url":"https:\/\/procainsa.com\/en\/about-us\/","name":"Since 1988 | Procainsa","isPartOf":{"@id":"https:\/\/procainsa.com\/en\/#website"},"datePublished":"2023-12-27T16:17:56+00:00","dateModified":"2024-03-22T18:38:15+00:00","description":"A leader in Cathodic Protection and Integrity Management since 1988, specialising in DCVG coating inspections and more. | Procainsa S.A","breadcrumb":{"@id":"https:\/\/procainsa.com\/en\/about-us\/#breadcrumb"},"inLanguage":"en-US","potentialAction":[{"@type":"ReadAction","target":["https:\/\/procainsa.com\/en\/about-us\/"]}]},{"@type":"BreadcrumbList","@id":"https:\/\/procainsa.com\/en\/about-us\/#breadcrumb","itemListElement":[{"@type":"ListItem","position":1,"name":"Portada","item":"https:\/\/procainsa.com\/en\/procainsa\/"},{"@type":"ListItem","position":2,"name":"About us"}]},{"@type":"WebSite","@id":"https:\/\/procainsa.com\/en\/#website","url":"https:\/\/procainsa.com\/en\/","name":"Procainsa","description":"Soluciones de Ingenier\u00eda avanzada","publisher":{"@id":"https:\/\/procainsa.com\/en\/#organization"},"alternateName":"Procainsa | Protecci\u00f3n Cat\u00f3dica","potentialAction":[{"@type":"SearchAction","target":{"@type":"EntryPoint","urlTemplate":"https:\/\/procainsa.com\/en\/?s={search_term_string}"},"query-input":{"@type":"PropertyValueSpecification","valueRequired":true,"valueName":"search_term_string"}}],"inLanguage":"en-US"},{"@type":"Organization","@id":"https:\/\/procainsa.com\/en\/#organization","name":"Procainsa S.A","url":"https:\/\/procainsa.com\/en\/","logo":{"@type":"ImageObject","inLanguage":"en-US","@id":"https:\/\/procainsa.com\/en\/#\/schema\/logo\/image\/","url":"https:\/\/procainsa.com\/wp-content\/uploads\/LOGO.png","contentUrl":"https:\/\/procainsa.com\/wp-content\/uploads\/LOGO.png","width":350,"height":76,"caption":"Procainsa S.A"},"image":{"@id":"https:\/\/procainsa.com\/en\/#\/schema\/logo\/image\/"},"sameAs":["https:\/\/www.linkedin.com\/company\/procainsa-ingenieria\/"]}]}},"_links":{"self":[{"href":"https:\/\/procainsa.com\/en\/wp-json\/wp\/v2\/pages\/564","targetHints":{"allow":["GET"]}}],"collection":[{"href":"https:\/\/procainsa.com\/en\/wp-json\/wp\/v2\/pages"}],"about":[{"href":"https:\/\/procainsa.com\/en\/wp-json\/wp\/v2\/types\/page"}],"author":[{"embeddable":true,"href":"https:\/\/procainsa.com\/en\/wp-json\/wp\/v2\/users\/3"}],"replies":[{"embeddable":true,"href":"https:\/\/procainsa.com\/en\/wp-json\/wp\/v2\/comments?post=564"}],"version-history":[{"count":3,"href":"https:\/\/procainsa.com\/en\/wp-json\/wp\/v2\/pages\/564\/revisions"}],"predecessor-version":[{"id":812,"href":"https:\/\/procainsa.com\/en\/wp-json\/wp\/v2\/pages\/564\/revisions\/812"}],"wp:attachment":[{"href":"https:\/\/procainsa.com\/en\/wp-json\/wp\/v2\/media?parent=564"}],"curies":[{"name":"wp","href":"https:\/\/api.w.org\/{rel}","templated":true}]}}