{"id":561,"date":"2024-01-18T09:15:23","date_gmt":"2024-01-18T08:15:23","guid":{"rendered":"https:\/\/procainsa.com\/projects\/"},"modified":"2024-03-23T11:36:52","modified_gmt":"2024-03-23T10:36:52","slug":"projects","status":"publish","type":"page","link":"https:\/\/procainsa.com\/en\/projects\/","title":{"rendered":"Projects"},"content":{"rendered":"\t\t<div data-elementor-type=\"wp-page\" data-elementor-id=\"561\" class=\"elementor elementor-561 elementor-468\" data-elementor-post-type=\"page\">\n\t\t\t\t<div class=\"elementor-element elementor-element-c26d422 e-flex e-con-boxed e-con e-parent\" data-id=\"c26d422\" data-element_type=\"container\" data-e-type=\"container\" data-settings=\"{&quot;background_background&quot;:&quot;classic&quot;}\">\n\t\t\t\t\t<div class=\"e-con-inner\">\n\t\t\t\t\t<\/div>\n\t\t\t\t<\/div>\n\t\t<div class=\"elementor-element elementor-element-073756e e-flex e-con-boxed e-con e-parent\" data-id=\"073756e\" data-element_type=\"container\" data-e-type=\"container\">\n\t\t\t\t\t<div class=\"e-con-inner\">\n\t\t\t\t<div class=\"elementor-element elementor-element-c383669 elementor-grid-3 elementor-grid-tablet-2 elementor-grid-mobile-1 elementor-widget elementor-widget-loop-grid\" data-id=\"c383669\" data-element_type=\"widget\" data-e-type=\"widget\" data-settings=\"{&quot;template_id&quot;:391,&quot;row_gap&quot;:{&quot;unit&quot;:&quot;px&quot;,&quot;size&quot;:30,&quot;sizes&quot;:[]},&quot;_skin&quot;:&quot;post&quot;,&quot;columns&quot;:&quot;3&quot;,&quot;columns_tablet&quot;:&quot;2&quot;,&quot;columns_mobile&quot;:&quot;1&quot;,&quot;edit_handle_selector&quot;:&quot;[data-elementor-type=\\&quot;loop-item\\&quot;]&quot;,&quot;row_gap_tablet&quot;:{&quot;unit&quot;:&quot;px&quot;,&quot;size&quot;:&quot;&quot;,&quot;sizes&quot;:[]},&quot;row_gap_mobile&quot;:{&quot;unit&quot;:&quot;px&quot;,&quot;size&quot;:&quot;&quot;,&quot;sizes&quot;:[]}}\" data-widget_type=\"loop-grid.post\">\n\t\t\t\t<div class=\"elementor-widget-container\">\n\t\t\t\t\t\t\t<div class=\"elementor-loop-container elementor-grid\" role=\"list\">\n\t\t<style id=\"loop-dynamic-391\">.e-loop-item-803 .elementor-element.elementor-element-c3201c9:not(.elementor-motion-effects-element-type-background), .e-loop-item-803 .elementor-element.elementor-element-c3201c9 > .elementor-motion-effects-container > .elementor-motion-effects-layer{background-image:url(\"https:\/\/procainsa.com\/wp-content\/uploads\/Gasolineras-360x420-1.jpg\");}<\/style><style id=\"loop-391\">.elementor-391 .elementor-element.elementor-element-af3aa1a{--display:flex;--flex-direction:column;--container-widget-width:100%;--container-widget-height:initial;--container-widget-flex-grow:0;--container-widget-align-self:initial;--flex-wrap-mobile:wrap;--gap:0px 0px;--row-gap:0px;--column-gap:0px;--padding-top:0px;--padding-bottom:0px;--padding-left:0px;--padding-right:0px;}.elementor-391 .elementor-element.elementor-element-c3201c9{--display:flex;--min-height:65vh;--justify-content:flex-end;--overlay-opacity:0.5;--padding-top:0px;--padding-bottom:40px;--padding-left:30px;--padding-right:30px;}.elementor-391 .elementor-element.elementor-element-c3201c9:not(.elementor-motion-effects-element-type-background), .elementor-391 .elementor-element.elementor-element-c3201c9 > .elementor-motion-effects-container > .elementor-motion-effects-layer{background-position:center center;background-repeat:no-repeat;background-size:cover;}.elementor-391 .elementor-element.elementor-element-c3201c9::before, .elementor-391 .elementor-element.elementor-element-c3201c9 > .elementor-background-video-container::before, .elementor-391 .elementor-element.elementor-element-c3201c9 > .e-con-inner > .elementor-background-video-container::before, .elementor-391 .elementor-element.elementor-element-c3201c9 > .elementor-background-slideshow::before, .elementor-391 .elementor-element.elementor-element-c3201c9 > .e-con-inner > .elementor-background-slideshow::before, .elementor-391 .elementor-element.elementor-element-c3201c9 > .elementor-motion-effects-container > .elementor-motion-effects-layer::before{--background-overlay:'';background-color:var( --e-global-color-primary );}.elementor-391 .elementor-element.elementor-element-c3201c9:hover::before, .elementor-391 .elementor-element.elementor-element-c3201c9:hover > .elementor-background-video-container::before, .elementor-391 .elementor-element.elementor-element-c3201c9:hover > .e-con-inner > .elementor-background-video-container::before, .elementor-391 .elementor-element.elementor-element-c3201c9 > .elementor-background-slideshow:hover::before, .elementor-391 .elementor-element.elementor-element-c3201c9 > .e-con-inner > .elementor-background-slideshow:hover::before{--background-overlay:'';background-color:#CD181875;}.elementor-391 .elementor-element.elementor-element-c3201c9:hover{--overlay-opacity:0.5;}.elementor-391 .elementor-element.elementor-element-e8879cc{text-align:start;}.elementor-391 .elementor-element.elementor-element-e8879cc .elementor-heading-title{font-size:25px;color:var( --e-global-color-daf2408 );}.elementor-391 .elementor-element.elementor-element-9b5b6f8{--divider-border-style:solid;--divider-color:var( --e-global-color-accent );--divider-border-width:1px;}.elementor-391 .elementor-element.elementor-element-9b5b6f8 .elementor-divider-separator{width:100%;}.elementor-391 .elementor-element.elementor-element-9b5b6f8 .elementor-divider{padding-block-start:2px;padding-block-end:2px;}@media(max-width:767px){.elementor-391 .elementor-element.elementor-element-c3201c9{--min-height:60vh;}}<\/style>\t\t<div data-elementor-type=\"loop-item\" data-elementor-id=\"391\" class=\"elementor elementor-391 e-loop-item e-loop-item-803 post-803 proyectos type-proyectos status-publish has-post-thumbnail hentry\" data-elementor-post-type=\"elementor_library\" data-custom-edit-handle=\"1\">\n\t\t\t<div class=\"elementor-element elementor-element-af3aa1a e-flex e-con-boxed e-con e-parent\" data-id=\"af3aa1a\" data-element_type=\"container\" data-e-type=\"container\">\n\t\t\t\t\t<div class=\"e-con-inner\">\n\t\t<div class=\"elementor-element elementor-element-c3201c9 e-flex e-con-boxed e-con e-child\" data-id=\"c3201c9\" data-element_type=\"container\" data-e-type=\"container\" data-settings=\"{&quot;background_background&quot;:&quot;classic&quot;}\">\n\t\t\t\t\t<div class=\"e-con-inner\">\n\t\t\t\t<div class=\"elementor-element elementor-element-9b5b6f8 elementor-widget-divider--view-line elementor-widget elementor-widget-divider\" data-id=\"9b5b6f8\" data-element_type=\"widget\" data-e-type=\"widget\" data-widget_type=\"divider.default\">\n\t\t\t\t<div class=\"elementor-widget-container\">\n\t\t\t\t\t\t\t<div class=\"elementor-divider\">\n\t\t\t<span class=\"elementor-divider-separator\">\n\t\t\t\t\t\t<\/span>\n\t\t<\/div>\n\t\t\t\t\t\t<\/div>\n\t\t\t\t<\/div>\n\t\t\t\t\t<\/div>\n\t\t\t\t<\/div>\n\t\t\t\t\t<\/div>\n\t\t\t\t<\/div>\n\t\t\t\t<\/div>\n\t\t<style id=\"loop-dynamic-391\">.e-loop-item-799 .elementor-element.elementor-element-c3201c9:not(.elementor-motion-effects-element-type-background), .e-loop-item-799 .elementor-element.elementor-element-c3201c9 > .elementor-motion-effects-container > .elementor-motion-effects-layer{background-image:url(\"https:\/\/procainsa.com\/wp-content\/uploads\/Vida-util-de-una-tuberia_v03-360x420-1.jpg\");}<\/style>\t\t<div data-elementor-type=\"loop-item\" data-elementor-id=\"391\" class=\"elementor elementor-391 e-loop-item e-loop-item-799 post-799 proyectos type-proyectos status-publish has-post-thumbnail hentry\" data-elementor-post-type=\"elementor_library\" data-custom-edit-handle=\"1\">\n\t\t\t<div class=\"elementor-element elementor-element-af3aa1a e-flex e-con-boxed e-con e-parent\" data-id=\"af3aa1a\" data-element_type=\"container\" data-e-type=\"container\">\n\t\t\t\t\t<div class=\"e-con-inner\">\n\t\t<div class=\"elementor-element elementor-element-c3201c9 e-flex e-con-boxed e-con e-child\" data-id=\"c3201c9\" data-element_type=\"container\" data-e-type=\"container\" data-settings=\"{&quot;background_background&quot;:&quot;classic&quot;}\">\n\t\t\t\t\t<div class=\"e-con-inner\">\n\t\t\t\t<div class=\"elementor-element elementor-element-9b5b6f8 elementor-widget-divider--view-line elementor-widget elementor-widget-divider\" data-id=\"9b5b6f8\" data-element_type=\"widget\" data-e-type=\"widget\" data-widget_type=\"divider.default\">\n\t\t\t\t<div class=\"elementor-widget-container\">\n\t\t\t\t\t\t\t<div class=\"elementor-divider\">\n\t\t\t<span class=\"elementor-divider-separator\">\n\t\t\t\t\t\t<\/span>\n\t\t<\/div>\n\t\t\t\t\t\t<\/div>\n\t\t\t\t<\/div>\n\t\t\t\t\t<\/div>\n\t\t\t\t<\/div>\n\t\t\t\t\t<\/div>\n\t\t\t\t<\/div>\n\t\t\t\t<\/div>\n\t\t<style id=\"loop-dynamic-391\">.e-loop-item-797 .elementor-element.elementor-element-c3201c9:not(.elementor-motion-effects-element-type-background), .e-loop-item-797 .elementor-element.elementor-element-c3201c9 > .elementor-motion-effects-container > .elementor-motion-effects-layer{background-image:url(\"https:\/\/procainsa.com\/wp-content\/uploads\/Corrientes-Vagabundas_v02-360x420-1.jpg\");}<\/style>\t\t<div data-elementor-type=\"loop-item\" data-elementor-id=\"391\" class=\"elementor elementor-391 e-loop-item e-loop-item-797 post-797 proyectos type-proyectos status-publish has-post-thumbnail hentry\" data-elementor-post-type=\"elementor_library\" data-custom-edit-handle=\"1\">\n\t\t\t<div class=\"elementor-element elementor-element-af3aa1a e-flex e-con-boxed e-con e-parent\" data-id=\"af3aa1a\" data-element_type=\"container\" data-e-type=\"container\">\n\t\t\t\t\t<div class=\"e-con-inner\">\n\t\t<div class=\"elementor-element elementor-element-c3201c9 e-flex e-con-boxed e-con e-child\" data-id=\"c3201c9\" data-element_type=\"container\" data-e-type=\"container\" data-settings=\"{&quot;background_background&quot;:&quot;classic&quot;}\">\n\t\t\t\t\t<div class=\"e-con-inner\">\n\t\t\t\t<div class=\"elementor-element elementor-element-9b5b6f8 elementor-widget-divider--view-line elementor-widget elementor-widget-divider\" data-id=\"9b5b6f8\" data-element_type=\"widget\" data-e-type=\"widget\" data-widget_type=\"divider.default\">\n\t\t\t\t<div class=\"elementor-widget-container\">\n\t\t\t\t\t\t\t<div class=\"elementor-divider\">\n\t\t\t<span class=\"elementor-divider-separator\">\n\t\t\t\t\t\t<\/span>\n\t\t<\/div>\n\t\t\t\t\t\t<\/div>\n\t\t\t\t<\/div>\n\t\t\t\t\t<\/div>\n\t\t\t\t<\/div>\n\t\t\t\t\t<\/div>\n\t\t\t\t<\/div>\n\t\t\t\t<\/div>\n\t\t<style id=\"loop-dynamic-391\">.e-loop-item-795 .elementor-element.elementor-element-c3201c9:not(.elementor-motion-effects-element-type-background), .e-loop-item-795 .elementor-element.elementor-element-c3201c9 > .elementor-motion-effects-container > .elementor-motion-effects-layer{background-image:url(\"https:\/\/procainsa.com\/wp-content\/uploads\/External-corrosion_v02-360x420-1.jpg\");}<\/style>\t\t<div data-elementor-type=\"loop-item\" data-elementor-id=\"391\" class=\"elementor elementor-391 e-loop-item e-loop-item-795 post-795 proyectos type-proyectos status-publish has-post-thumbnail hentry\" data-elementor-post-type=\"elementor_library\" data-custom-edit-handle=\"1\">\n\t\t\t<div class=\"elementor-element elementor-element-af3aa1a e-flex e-con-boxed e-con e-parent\" data-id=\"af3aa1a\" data-element_type=\"container\" data-e-type=\"container\">\n\t\t\t\t\t<div class=\"e-con-inner\">\n\t\t<div class=\"elementor-element elementor-element-c3201c9 e-flex e-con-boxed e-con e-child\" data-id=\"c3201c9\" data-element_type=\"container\" data-e-type=\"container\" data-settings=\"{&quot;background_background&quot;:&quot;classic&quot;}\">\n\t\t\t\t\t<div class=\"e-con-inner\">\n\t\t\t\t<div class=\"elementor-element elementor-element-9b5b6f8 elementor-widget-divider--view-line elementor-widget elementor-widget-divider\" data-id=\"9b5b6f8\" data-element_type=\"widget\" data-e-type=\"widget\" data-widget_type=\"divider.default\">\n\t\t\t\t<div class=\"elementor-widget-container\">\n\t\t\t\t\t\t\t<div class=\"elementor-divider\">\n\t\t\t<span class=\"elementor-divider-separator\">\n\t\t\t\t\t\t<\/span>\n\t\t<\/div>\n\t\t\t\t\t\t<\/div>\n\t\t\t\t<\/div>\n\t\t\t\t\t<\/div>\n\t\t\t\t<\/div>\n\t\t\t\t\t<\/div>\n\t\t\t\t<\/div>\n\t\t\t\t<\/div>\n\t\t<style id=\"loop-dynamic-391\">.e-loop-item-791 .elementor-element.elementor-element-c3201c9:not(.elementor-motion-effects-element-type-background), .e-loop-item-791 .elementor-element.elementor-element-c3201c9 > .elementor-motion-effects-container > .elementor-motion-effects-layer{background-image:url(\"https:\/\/procainsa.com\/wp-content\/uploads\/procainsa-gnl.jpeg\");}<\/style>\t\t<div data-elementor-type=\"loop-item\" data-elementor-id=\"391\" class=\"elementor elementor-391 e-loop-item e-loop-item-791 post-791 proyectos type-proyectos status-publish has-post-thumbnail hentry\" data-elementor-post-type=\"elementor_library\" data-custom-edit-handle=\"1\">\n\t\t\t<div class=\"elementor-element elementor-element-af3aa1a e-flex e-con-boxed e-con e-parent\" data-id=\"af3aa1a\" data-element_type=\"container\" data-e-type=\"container\">\n\t\t\t\t\t<div class=\"e-con-inner\">\n\t\t<div class=\"elementor-element elementor-element-c3201c9 e-flex e-con-boxed e-con e-child\" data-id=\"c3201c9\" data-element_type=\"container\" data-e-type=\"container\" data-settings=\"{&quot;background_background&quot;:&quot;classic&quot;}\">\n\t\t\t\t\t<div class=\"e-con-inner\">\n\t\t\t\t<div class=\"elementor-element elementor-element-9b5b6f8 elementor-widget-divider--view-line elementor-widget elementor-widget-divider\" data-id=\"9b5b6f8\" data-element_type=\"widget\" data-e-type=\"widget\" data-widget_type=\"divider.default\">\n\t\t\t\t<div class=\"elementor-widget-container\">\n\t\t\t\t\t\t\t<div class=\"elementor-divider\">\n\t\t\t<span class=\"elementor-divider-separator\">\n\t\t\t\t\t\t<\/span>\n\t\t<\/div>\n\t\t\t\t\t\t<\/div>\n\t\t\t\t<\/div>\n\t\t\t\t\t<\/div>\n\t\t\t\t<\/div>\n\t\t\t\t\t<\/div>\n\t\t\t\t<\/div>\n\t\t\t\t<\/div>\n\t\t\t\t<\/div>\n\t\t\n\t\t\t\t\t\t<\/div>\n\t\t\t\t<\/div>\n\t\t\t\t\t<\/div>\n\t\t\t\t<\/div>\n\t\t\t\t<\/div>\n\t\t","protected":false},"excerpt":{"rendered":"","protected":false},"author":3,"featured_media":0,"parent":0,"menu_order":0,"comment_status":"closed","ping_status":"closed","template":"","meta":{"footnotes":""},"class_list":["post-561","page","type-page","status-publish","hentry"],"yoast_head":"<!-- This site is optimized with the Yoast SEO plugin v27.4 - https:\/\/yoast.com\/product\/yoast-seo-wordpress\/ -->\n<title>Projects: the trust of our clients | Procainsa<\/title>\n<meta name=\"description\" content=\"Some of our projects Advanced cathodic protection and inspection services. Integrity Management and Advanced Engineering\" \/>\n<meta name=\"robots\" content=\"index, follow, max-snippet:-1, max-image-preview:large, max-video-preview:-1\" \/>\n<link rel=\"canonical\" href=\"https:\/\/procainsa.com\/en\/projects\/\" \/>\n<meta property=\"og:locale\" content=\"en_US\" \/>\n<meta property=\"og:type\" content=\"article\" \/>\n<meta property=\"og:title\" content=\"Projects: the trust of our clients | Procainsa\" \/>\n<meta property=\"og:description\" content=\"Some of our projects Advanced cathodic protection and inspection services. Integrity Management and Advanced Engineering\" \/>\n<meta property=\"og:url\" content=\"https:\/\/procainsa.com\/en\/projects\/\" \/>\n<meta property=\"og:site_name\" content=\"Protecci\u00f3n cat\u00f3dica y Gesti\u00f3n de la integridad | Procainsa\" \/>\n<meta property=\"article:modified_time\" content=\"2024-03-23T10:36:52+00:00\" \/>\n<meta property=\"og:image\" content=\"https:\/\/procainsa.com\/wp-content\/uploads\/LOGO.png\" \/>\n\t<meta property=\"og:image:width\" content=\"350\" \/>\n\t<meta property=\"og:image:height\" content=\"76\" \/>\n\t<meta property=\"og:image:type\" content=\"image\/png\" \/>\n<meta name=\"twitter:card\" content=\"summary_large_image\" \/>\n<script type=\"application\/ld+json\" class=\"yoast-schema-graph\">{\"@context\":\"https:\\\/\\\/schema.org\",\"@graph\":[{\"@type\":\"WebPage\",\"@id\":\"https:\\\/\\\/procainsa.com\\\/en\\\/projects\\\/\",\"url\":\"https:\\\/\\\/procainsa.com\\\/en\\\/projects\\\/\",\"name\":\"Projects: the trust of our clients | Procainsa\",\"isPartOf\":{\"@id\":\"https:\\\/\\\/procainsa.com\\\/en\\\/#website\"},\"datePublished\":\"2024-01-18T08:15:23+00:00\",\"dateModified\":\"2024-03-23T10:36:52+00:00\",\"description\":\"Some of our projects Advanced cathodic protection and inspection services. Integrity Management and Advanced Engineering\",\"breadcrumb\":{\"@id\":\"https:\\\/\\\/procainsa.com\\\/en\\\/projects\\\/#breadcrumb\"},\"inLanguage\":\"en-US\",\"potentialAction\":[{\"@type\":\"ReadAction\",\"target\":[\"https:\\\/\\\/procainsa.com\\\/en\\\/projects\\\/\"]}]},{\"@type\":\"BreadcrumbList\",\"@id\":\"https:\\\/\\\/procainsa.com\\\/en\\\/projects\\\/#breadcrumb\",\"itemListElement\":[{\"@type\":\"ListItem\",\"position\":1,\"name\":\"Portada\",\"item\":\"https:\\\/\\\/procainsa.com\\\/en\\\/procainsa\\\/\"},{\"@type\":\"ListItem\",\"position\":2,\"name\":\"Projects\"}]},{\"@type\":\"WebSite\",\"@id\":\"https:\\\/\\\/procainsa.com\\\/en\\\/#website\",\"url\":\"https:\\\/\\\/procainsa.com\\\/en\\\/\",\"name\":\"Procainsa\",\"description\":\"Soluciones de Ingenier\u00eda avanzada\",\"publisher\":{\"@id\":\"https:\\\/\\\/procainsa.com\\\/en\\\/#organization\"},\"alternateName\":\"Procainsa | Protecci\u00f3n Cat\u00f3dica\",\"potentialAction\":[{\"@type\":\"SearchAction\",\"target\":{\"@type\":\"EntryPoint\",\"urlTemplate\":\"https:\\\/\\\/procainsa.com\\\/en\\\/?s={search_term_string}\"},\"query-input\":{\"@type\":\"PropertyValueSpecification\",\"valueRequired\":true,\"valueName\":\"search_term_string\"}}],\"inLanguage\":\"en-US\"},{\"@type\":\"Organization\",\"@id\":\"https:\\\/\\\/procainsa.com\\\/en\\\/#organization\",\"name\":\"Procainsa S.A\",\"url\":\"https:\\\/\\\/procainsa.com\\\/en\\\/\",\"logo\":{\"@type\":\"ImageObject\",\"inLanguage\":\"en-US\",\"@id\":\"https:\\\/\\\/procainsa.com\\\/en\\\/#\\\/schema\\\/logo\\\/image\\\/\",\"url\":\"https:\\\/\\\/procainsa.com\\\/wp-content\\\/uploads\\\/LOGO.png\",\"contentUrl\":\"https:\\\/\\\/procainsa.com\\\/wp-content\\\/uploads\\\/LOGO.png\",\"width\":350,\"height\":76,\"caption\":\"Procainsa S.A\"},\"image\":{\"@id\":\"https:\\\/\\\/procainsa.com\\\/en\\\/#\\\/schema\\\/logo\\\/image\\\/\"},\"sameAs\":[\"https:\\\/\\\/www.linkedin.com\\\/company\\\/procainsa-ingenieria\\\/\"]}]}<\/script>\n<!-- \/ Yoast SEO plugin. -->","yoast_head_json":{"title":"Projects: the trust of our clients | Procainsa","description":"Some of our projects Advanced cathodic protection and inspection services. Integrity Management and Advanced Engineering","robots":{"index":"index","follow":"follow","max-snippet":"max-snippet:-1","max-image-preview":"max-image-preview:large","max-video-preview":"max-video-preview:-1"},"canonical":"https:\/\/procainsa.com\/en\/projects\/","og_locale":"en_US","og_type":"article","og_title":"Projects: the trust of our clients | Procainsa","og_description":"Some of our projects Advanced cathodic protection and inspection services. Integrity Management and Advanced Engineering","og_url":"https:\/\/procainsa.com\/en\/projects\/","og_site_name":"Protecci\u00f3n cat\u00f3dica y Gesti\u00f3n de la integridad | Procainsa","article_modified_time":"2024-03-23T10:36:52+00:00","og_image":[{"width":350,"height":76,"url":"https:\/\/procainsa.com\/wp-content\/uploads\/LOGO.png","type":"image\/png"}],"twitter_card":"summary_large_image","schema":{"@context":"https:\/\/schema.org","@graph":[{"@type":"WebPage","@id":"https:\/\/procainsa.com\/en\/projects\/","url":"https:\/\/procainsa.com\/en\/projects\/","name":"Projects: the trust of our clients | Procainsa","isPartOf":{"@id":"https:\/\/procainsa.com\/en\/#website"},"datePublished":"2024-01-18T08:15:23+00:00","dateModified":"2024-03-23T10:36:52+00:00","description":"Some of our projects Advanced cathodic protection and inspection services. Integrity Management and Advanced Engineering","breadcrumb":{"@id":"https:\/\/procainsa.com\/en\/projects\/#breadcrumb"},"inLanguage":"en-US","potentialAction":[{"@type":"ReadAction","target":["https:\/\/procainsa.com\/en\/projects\/"]}]},{"@type":"BreadcrumbList","@id":"https:\/\/procainsa.com\/en\/projects\/#breadcrumb","itemListElement":[{"@type":"ListItem","position":1,"name":"Portada","item":"https:\/\/procainsa.com\/en\/procainsa\/"},{"@type":"ListItem","position":2,"name":"Projects"}]},{"@type":"WebSite","@id":"https:\/\/procainsa.com\/en\/#website","url":"https:\/\/procainsa.com\/en\/","name":"Procainsa","description":"Soluciones de Ingenier\u00eda avanzada","publisher":{"@id":"https:\/\/procainsa.com\/en\/#organization"},"alternateName":"Procainsa | Protecci\u00f3n Cat\u00f3dica","potentialAction":[{"@type":"SearchAction","target":{"@type":"EntryPoint","urlTemplate":"https:\/\/procainsa.com\/en\/?s={search_term_string}"},"query-input":{"@type":"PropertyValueSpecification","valueRequired":true,"valueName":"search_term_string"}}],"inLanguage":"en-US"},{"@type":"Organization","@id":"https:\/\/procainsa.com\/en\/#organization","name":"Procainsa S.A","url":"https:\/\/procainsa.com\/en\/","logo":{"@type":"ImageObject","inLanguage":"en-US","@id":"https:\/\/procainsa.com\/en\/#\/schema\/logo\/image\/","url":"https:\/\/procainsa.com\/wp-content\/uploads\/LOGO.png","contentUrl":"https:\/\/procainsa.com\/wp-content\/uploads\/LOGO.png","width":350,"height":76,"caption":"Procainsa S.A"},"image":{"@id":"https:\/\/procainsa.com\/en\/#\/schema\/logo\/image\/"},"sameAs":["https:\/\/www.linkedin.com\/company\/procainsa-ingenieria\/"]}]}},"_links":{"self":[{"href":"https:\/\/procainsa.com\/en\/wp-json\/wp\/v2\/pages\/561","targetHints":{"allow":["GET"]}}],"collection":[{"href":"https:\/\/procainsa.com\/en\/wp-json\/wp\/v2\/pages"}],"about":[{"href":"https:\/\/procainsa.com\/en\/wp-json\/wp\/v2\/types\/page"}],"author":[{"embeddable":true,"href":"https:\/\/procainsa.com\/en\/wp-json\/wp\/v2\/users\/3"}],"replies":[{"embeddable":true,"href":"https:\/\/procainsa.com\/en\/wp-json\/wp\/v2\/comments?post=561"}],"version-history":[{"count":1,"href":"https:\/\/procainsa.com\/en\/wp-json\/wp\/v2\/pages\/561\/revisions"}],"predecessor-version":[{"id":562,"href":"https:\/\/procainsa.com\/en\/wp-json\/wp\/v2\/pages\/561\/revisions\/562"}],"wp:attachment":[{"href":"https:\/\/procainsa.com\/en\/wp-json\/wp\/v2\/media?parent=561"}],"curies":[{"name":"wp","href":"https:\/\/api.w.org\/{rel}","templated":true}]}}