{"id":557,"date":"2023-12-27T16:43:54","date_gmt":"2023-12-27T15:43:54","guid":{"rendered":"https:\/\/procainsa.com\/contact\/"},"modified":"2026-04-09T10:35:05","modified_gmt":"2026-04-09T08:35:05","slug":"contact","status":"publish","type":"page","link":"https:\/\/procainsa.com\/en\/contact\/","title":{"rendered":"Contact"},"content":{"rendered":"\t\t<div data-elementor-type=\"wp-page\" data-elementor-id=\"557\" class=\"elementor elementor-557 elementor-25\" data-elementor-post-type=\"page\">\n\t\t\t\t<div class=\"elementor-element elementor-element-e2c3b43 e-flex e-con-boxed e-con e-parent\" data-id=\"e2c3b43\" data-element_type=\"container\" data-e-type=\"container\" data-settings=\"{&quot;background_background&quot;:&quot;classic&quot;}\">\n\t\t\t\t\t<div class=\"e-con-inner\">\n\t\t\t\t\t<\/div>\n\t\t\t\t<\/div>\n\t\t<div class=\"elementor-element elementor-element-427f2a5 e-flex e-con-boxed e-con e-parent\" data-id=\"427f2a5\" data-element_type=\"container\" data-e-type=\"container\">\n\t\t\t\t\t<div class=\"e-con-inner\">\n\t\t<div class=\"elementor-element elementor-element-b798233 e-con-full e-flex e-con e-child\" data-id=\"b798233\" data-element_type=\"container\" data-e-type=\"container\">\n\t\t\t\t<div class=\"elementor-element elementor-element-20e8c9a elementor-widget elementor-widget-heading\" data-id=\"20e8c9a\" data-element_type=\"widget\" data-e-type=\"widget\" data-widget_type=\"heading.default\">\n\t\t\t\t<div class=\"elementor-widget-container\">\n\t\t\t\t\t<h4 class=\"elementor-heading-title elementor-size-default\">Contact us<\/h4>\t\t\t\t<\/div>\n\t\t\t\t<\/div>\n\t\t\t\t<div class=\"elementor-element elementor-element-a6786af elementor-widget elementor-widget-heading\" data-id=\"a6786af\" data-element_type=\"widget\" data-e-type=\"widget\" data-widget_type=\"heading.default\">\n\t\t\t\t<div class=\"elementor-widget-container\">\n\t\t\t\t\t<h2 class=\"elementor-heading-title elementor-size-default\">We will help you to resolve any doubts or queries you may have<\/h2>\t\t\t\t<\/div>\n\t\t\t\t<\/div>\n\t\t<div class=\"elementor-element elementor-element-0129bbc e-con-full e-flex e-con e-child\" data-id=\"0129bbc\" data-element_type=\"container\" data-e-type=\"container\">\n\t\t<div class=\"elementor-element elementor-element-6c96850 e-con-full e-flex e-con e-child\" data-id=\"6c96850\" data-element_type=\"container\" data-e-type=\"container\">\n\t\t\t\t<div class=\"elementor-element elementor-element-e833004 elementor-widget elementor-widget-heading\" data-id=\"e833004\" data-element_type=\"widget\" data-e-type=\"widget\" data-widget_type=\"heading.default\">\n\t\t\t\t<div class=\"elementor-widget-container\">\n\t\t\t\t\t<h3 class=\"elementor-heading-title elementor-size-default\">Barcelona Offices<\/h3>\t\t\t\t<\/div>\n\t\t\t\t<\/div>\n\t\t\t\t<div class=\"elementor-element elementor-element-ccc5d85 elementor-widget-divider--view-line elementor-widget elementor-widget-divider\" data-id=\"ccc5d85\" data-element_type=\"widget\" data-e-type=\"widget\" data-widget_type=\"divider.default\">\n\t\t\t\t<div class=\"elementor-widget-container\">\n\t\t\t\t\t\t\t<div class=\"elementor-divider\">\n\t\t\t<span class=\"elementor-divider-separator\">\n\t\t\t\t\t\t<\/span>\n\t\t<\/div>\n\t\t\t\t\t\t<\/div>\n\t\t\t\t<\/div>\n\t\t\t\t<div class=\"elementor-element elementor-element-6195632 elementor-widget elementor-widget-text-editor\" data-id=\"6195632\" data-element_type=\"widget\" data-e-type=\"widget\" data-widget_type=\"text-editor.default\">\n\t\t\t\t<div class=\"elementor-widget-container\">\n\t\t\t\t\t\t\t\t\t<p>Carrer Major, 40 \u00b7 08221 Terrassa<\/p>\n\t\t\t\t\t\t\t\t<\/div>\n\t\t\t\t<\/div>\n\t\t\t\t<\/div>\n\t\t<div class=\"elementor-element elementor-element-11db8b8 e-con-full e-flex e-con e-child\" data-id=\"11db8b8\" data-element_type=\"container\" data-e-type=\"container\">\n\t\t\t\t<div class=\"elementor-element elementor-element-797adfd elementor-widget elementor-widget-heading\" data-id=\"797adfd\" data-element_type=\"widget\" data-e-type=\"widget\" data-widget_type=\"heading.default\">\n\t\t\t\t<div class=\"elementor-widget-container\">\n\t\t\t\t\t<h3 class=\"elementor-heading-title elementor-size-default\">Contact<\/h3>\t\t\t\t<\/div>\n\t\t\t\t<\/div>\n\t\t\t\t<div class=\"elementor-element elementor-element-ae09bb4 elementor-widget-divider--view-line elementor-widget elementor-widget-divider\" data-id=\"ae09bb4\" data-element_type=\"widget\" data-e-type=\"widget\" data-widget_type=\"divider.default\">\n\t\t\t\t<div class=\"elementor-widget-container\">\n\t\t\t\t\t\t\t<div class=\"elementor-divider\">\n\t\t\t<span class=\"elementor-divider-separator\">\n\t\t\t\t\t\t<\/span>\n\t\t<\/div>\n\t\t\t\t\t\t<\/div>\n\t\t\t\t<\/div>\n\t\t\t\t<div class=\"elementor-element elementor-element-9335036 elementor-icon-list--layout-traditional elementor-list-item-link-full_width elementor-widget elementor-widget-icon-list\" data-id=\"9335036\" data-element_type=\"widget\" data-e-type=\"widget\" data-widget_type=\"icon-list.default\">\n\t\t\t\t<div class=\"elementor-widget-container\">\n\t\t\t\t\t\t\t<ul class=\"elementor-icon-list-items\">\n\t\t\t\t\t\t\t<li class=\"elementor-icon-list-item\">\n\t\t\t\t\t\t\t\t\t\t\t<a href=\"mailto:info@procainsa.com\">\n\n\t\t\t\t\t\t\t\t\t\t\t<span class=\"elementor-icon-list-text\">info@procainsa.com<\/span>\n\t\t\t\t\t\t\t\t\t\t\t<\/a>\n\t\t\t\t\t\t\t\t\t<\/li>\n\t\t\t\t\t\t\t\t<li class=\"elementor-icon-list-item\">\n\t\t\t\t\t\t\t\t\t\t\t<a href=\"tel:+34%20937%20861%20454\">\n\n\t\t\t\t\t\t\t\t\t\t\t<span class=\"elementor-icon-list-text\">+34 937 861 454<\/span>\n\t\t\t\t\t\t\t\t\t\t\t<\/a>\n\t\t\t\t\t\t\t\t\t<\/li>\n\t\t\t\t\t\t<\/ul>\n\t\t\t\t\t\t<\/div>\n\t\t\t\t<\/div>\n\t\t\t\t<\/div>\n\t\t\t\t<\/div>\n\t\t<div class=\"elementor-element elementor-element-4df43d2 e-con-full e-flex e-con e-child\" data-id=\"4df43d2\" data-element_type=\"container\" data-e-type=\"container\">\n\t\t<div class=\"elementor-element elementor-element-981aea4 e-con-full e-flex e-con e-child\" data-id=\"981aea4\" data-element_type=\"container\" data-e-type=\"container\">\n\t\t\t\t<div class=\"elementor-element elementor-element-ffccd45 elementor-widget elementor-widget-heading\" data-id=\"ffccd45\" data-element_type=\"widget\" data-e-type=\"widget\" data-widget_type=\"heading.default\">\n\t\t\t\t<div class=\"elementor-widget-container\">\n\t\t\t\t\t<h3 class=\"elementor-heading-title elementor-size-default\">Portugal Delegation<\/h3>\t\t\t\t<\/div>\n\t\t\t\t<\/div>\n\t\t\t\t<div class=\"elementor-element elementor-element-b7a99f9 elementor-widget-divider--view-line elementor-widget elementor-widget-divider\" data-id=\"b7a99f9\" data-element_type=\"widget\" data-e-type=\"widget\" data-widget_type=\"divider.default\">\n\t\t\t\t<div class=\"elementor-widget-container\">\n\t\t\t\t\t\t\t<div class=\"elementor-divider\">\n\t\t\t<span class=\"elementor-divider-separator\">\n\t\t\t\t\t\t<\/span>\n\t\t<\/div>\n\t\t\t\t\t\t<\/div>\n\t\t\t\t<\/div>\n\t\t\t\t<div class=\"elementor-element elementor-element-9a5ad01 elementor-icon-list--layout-traditional elementor-list-item-link-full_width elementor-widget elementor-widget-icon-list\" data-id=\"9a5ad01\" data-element_type=\"widget\" data-e-type=\"widget\" data-widget_type=\"icon-list.default\">\n\t\t\t\t<div class=\"elementor-widget-container\">\n\t\t\t\t\t\t\t<ul class=\"elementor-icon-list-items\">\n\t\t\t\t\t\t\t<li class=\"elementor-icon-list-item\">\n\t\t\t\t\t\t\t\t\t\t\t<a href=\"mailto:nheitor@procainsa.com\">\n\n\t\t\t\t\t\t\t\t\t\t\t<span class=\"elementor-icon-list-text\">nheitor@procainsa.com<\/span>\n\t\t\t\t\t\t\t\t\t\t\t<\/a>\n\t\t\t\t\t\t\t\t\t<\/li>\n\t\t\t\t\t\t<\/ul>\n\t\t\t\t\t\t<\/div>\n\t\t\t\t<\/div>\n\t\t\t\t<\/div>\n\t\t<div class=\"elementor-element elementor-element-3147d8d e-con-full e-flex e-con e-child\" data-id=\"3147d8d\" data-element_type=\"container\" data-e-type=\"container\">\n\t\t\t\t<\/div>\n\t\t\t\t<\/div>\n\t\t\t\t<\/div>\n\t\t<div class=\"elementor-element elementor-element-c676446 e-con-full e-flex e-con e-child\" data-id=\"c676446\" data-element_type=\"container\" data-e-type=\"container\">\n\t\t\t\t<div class=\"elementor-element elementor-element-8c6c131 elementor-widget elementor-widget-html\" data-id=\"8c6c131\" data-element_type=\"widget\" data-e-type=\"widget\" data-widget_type=\"html.default\">\n\t\t\t\t<div class=\"elementor-widget-container\">\n\t\t\t\t\t\n<div class=\"wpcf7 no-js\" id=\"wpcf7-f1243-o1\" lang=\"es-ES\" dir=\"ltr\" data-wpcf7-id=\"1243\">\n<div class=\"screen-reader-response\"><p role=\"status\" aria-live=\"polite\" aria-atomic=\"true\"><\/p> <ul><\/ul><\/div>\n<form action=\"\/en\/wp-json\/wp\/v2\/pages\/557#wpcf7-f1243-o1\" method=\"post\" class=\"wpcf7-form init\" aria-label=\"Formulario de contacto\" novalidate=\"novalidate\" data-status=\"init\">\n<fieldset class=\"hidden-fields-container\"><input type=\"hidden\" name=\"_wpcf7\" value=\"1243\" \/><input type=\"hidden\" name=\"_wpcf7_version\" value=\"6.1.5\" \/><input type=\"hidden\" name=\"_wpcf7_locale\" value=\"es_ES\" \/><input type=\"hidden\" name=\"_wpcf7_unit_tag\" value=\"wpcf7-f1243-o1\" \/><input type=\"hidden\" name=\"_wpcf7_container_post\" value=\"0\" \/><input type=\"hidden\" name=\"_wpcf7_posted_data_hash\" value=\"\" \/>\n<\/fieldset>\n<div class=\"wpcf7-turnstile cf-turnstile\" data-sitekey=\"0x4AAAAAACy9ZCTtW3vaTLJi\" data-response-field-name=\"_wpcf7_turnstile_response\"><\/div>\n\n<style>\n.bloque-contacto {\n background: #17262f;\n padding: 52px 44px;\n width: 100%;\n height: 100%;\n box-sizing: border-box;\n font-family: 'Helvetica Neue', Helvetica, Arial, sans-serif;\n}\n.bloque-contacto h2 {\n color: #ffffff;\n font-size: 2.6rem;\n font-weight: 800;\n line-height: 1.1;\n letter-spacing: -0.5px;\n margin: 0 0 18px 0;\n}\n.bloque-contacto .subtitulo {\n color: #8fa0b0;\n font-size: 0.92rem;\n line-height: 1.65;\n margin: 0 0 44px 0;\n}\n.bloque-contacto .wpcf7-form-control-wrap {\n display: block;\n margin-bottom: 30px;\n}\n.bloque-contacto .wpcf7-form-control-wrap:last-of-type {\n flex: 1;\n display: flex;\n flex-direction: column;\n}\n.bloque-contacto input[type=\"text\"],\n.bloque-contacto input[type=\"email\"],\n.bloque-contacto textarea {\n width: 100% !important;\n background: transparent !important;\n border: none !important;\n border-bottom: 1px solid #3a4a5a !important;\n border-radius: 0 !important;\n color: #ffffff !important;\n font-size: 0.9rem !important;\n padding: 10px 0 10px 6px !important;\n outline: none !important;\n box-shadow: none !important;\n font-family: inherit !important;\n box-sizing: border-box !important;\n}\n.bloque-contacto input::placeholder,\n.bloque-contacto textarea::placeholder {\n color: #5a7080;\n}\n.bloque-contacto textarea {\n resize: none !important;\n flex: 1 !important;\n height: 100% !important;\n}\n.bloque-contacto input:focus,\n.bloque-contacto textarea:focus {\n border-bottom-color: #7a9ab0 !important;\n}\n.bloque-contacto .enviar-wrap {\n text-align: right;\n margin-top: 6px;\n}\n.bloque-contacto input[type=\"submit\"] {\n background: #cc1a1a !important;\n color: #ffffff !important;\n font-size: 0.8rem !important;\n font-weight: 700 !important;\n letter-spacing: 0.12em !important;\n text-transform: uppercase !important;\n border: none !important;\n border-radius: 0 !important;\n padding: 14px 30px !important;\n cursor: pointer !important;\n}\n.bloque-contacto input[type=\"submit\"]:hover {\n background: #e02020 !important;\n}\n.bloque-contacto .wpcf7-not-valid-tip {\n color: #e05555;\n font-size: 0.78rem;\n}\n.bloque-contacto .wpcf7-response-output {\n border: none !important;\n color: #8fa0b0;\n font-size: 0.85rem;\n padding: 0;\n margin-top: 12px;\n}\n<\/style>\n<div class=\"bloque-contacto\">\n\t<h2>Send us a<br \/>\nmessage\n\t<\/h2>\n\t<p class=\"subtitulo\">Fill out the form with your inquiries and we will get back to you as soon as possible.\n\t<\/p>\n\t<p><span class=\"wpcf7-form-control-wrap\" data-name=\"your-name\"><input size=\"40\" maxlength=\"400\" class=\"wpcf7-form-control wpcf7-text wpcf7-validates-as-required\" aria-required=\"true\" aria-invalid=\"false\" placeholder=\"Full name\" value=\"\" type=\"text\" name=\"your-name\" \/><\/span><br \/>\n<span class=\"wpcf7-form-control-wrap\" data-name=\"your-email\"><input size=\"40\" maxlength=\"400\" class=\"wpcf7-form-control wpcf7-email wpcf7-validates-as-required wpcf7-text wpcf7-validates-as-email\" aria-required=\"true\" aria-invalid=\"false\" placeholder=\"Email address\" value=\"\" type=\"email\" name=\"your-email\" \/><\/span><br \/>\n<span class=\"wpcf7-form-control-wrap\" data-name=\"your-subject\"><input size=\"40\" maxlength=\"400\" class=\"wpcf7-form-control wpcf7-text wpcf7-validates-as-required\" aria-required=\"true\" aria-invalid=\"false\" placeholder=\"Subject\" value=\"\" type=\"text\" name=\"your-subject\" \/><\/span><br \/>\n<span class=\"wpcf7-form-control-wrap\" data-name=\"your-message\"><textarea cols=\"40\" rows=\"10\" maxlength=\"2000\" class=\"wpcf7-form-control wpcf7-textarea wpcf7-validates-as-required\" aria-required=\"true\" aria-invalid=\"false\" placeholder=\"Your message\" name=\"your-message\"><\/textarea><\/span>\n\t<\/p>\n\t<div class=\"enviar-wrap\">\n\t\t<p><input class=\"wpcf7-form-control wpcf7-submit has-spinner\" type=\"submit\" value=\"SEND\" \/>\n\t\t<\/p>\n\t<\/div>\n<\/div><div class=\"wpcf7-response-output\" aria-hidden=\"true\"><\/div>\n<\/form>\n<\/div>\n\t\t\t\t<\/div>\n\t\t\t\t<\/div>\n\t\t\t\t<\/div>\n\t\t\t\t\t<\/div>\n\t\t\t\t<\/div>\n\t\t\t\t<\/div>\n\t\t","protected":false},"excerpt":{"rendered":"<p>Contact us We will help you to resolve any doubts or queries you may have Barcelona Offices Carrer Major, 40 \u00b7 08221 Terrassa Contact info@procainsa.com +34 937 861 454 Portugal Delegation nheitor@procainsa.com<\/p>\n","protected":false},"author":3,"featured_media":0,"parent":0,"menu_order":0,"comment_status":"closed","ping_status":"closed","template":"","meta":{"footnotes":""},"class_list":["post-557","page","type-page","status-publish","hentry"],"yoast_head":"<!-- This site is optimized with the Yoast SEO plugin v27.4 - https:\/\/yoast.com\/product\/yoast-seo-wordpress\/ -->\n<title>Contact Procainsa<\/title>\n<meta name=\"description\" content=\"Do you need help or information about our products and services? Contact us We have offices en\u2714\ufe0fBarcelona\u2714\ufe0fMadrid\u2714\ufe0fPortugal\" \/>\n<meta name=\"robots\" content=\"index, follow, max-snippet:-1, max-image-preview:large, max-video-preview:-1\" \/>\n<link rel=\"canonical\" href=\"https:\/\/procainsa.com\/en\/contact\/\" \/>\n<meta property=\"og:locale\" content=\"en_US\" \/>\n<meta property=\"og:type\" content=\"article\" \/>\n<meta property=\"og:title\" content=\"Contact Procainsa\" \/>\n<meta property=\"og:description\" content=\"Do you need help or information about our products and services? Contact us We have offices en\u2714\ufe0fBarcelona\u2714\ufe0fMadrid\u2714\ufe0fPortugal\" \/>\n<meta property=\"og:url\" content=\"https:\/\/procainsa.com\/en\/contact\/\" \/>\n<meta property=\"og:site_name\" content=\"Protecci\u00f3n cat\u00f3dica y Gesti\u00f3n de la integridad | Procainsa\" \/>\n<meta property=\"article:modified_time\" content=\"2026-04-09T08:35:05+00:00\" \/>\n<meta property=\"og:image\" content=\"https:\/\/procainsa.com\/wp-content\/uploads\/LOGO.png\" \/>\n\t<meta property=\"og:image:width\" content=\"350\" \/>\n\t<meta property=\"og:image:height\" content=\"76\" \/>\n\t<meta property=\"og:image:type\" content=\"image\/png\" \/>\n<meta name=\"twitter:card\" content=\"summary_large_image\" \/>\n<meta name=\"twitter:label1\" content=\"Est. reading time\" \/>\n\t<meta name=\"twitter:data1\" content=\"1 minute\" \/>\n<script type=\"application\/ld+json\" class=\"yoast-schema-graph\">{\"@context\":\"https:\\\/\\\/schema.org\",\"@graph\":[{\"@type\":\"WebPage\",\"@id\":\"https:\\\/\\\/procainsa.com\\\/en\\\/contact\\\/\",\"url\":\"https:\\\/\\\/procainsa.com\\\/en\\\/contact\\\/\",\"name\":\"Contact Procainsa\",\"isPartOf\":{\"@id\":\"https:\\\/\\\/procainsa.com\\\/en\\\/#website\"},\"datePublished\":\"2023-12-27T15:43:54+00:00\",\"dateModified\":\"2026-04-09T08:35:05+00:00\",\"description\":\"Do you need help or information about our products and services? Contact us We have offices en\u2714\ufe0fBarcelona\u2714\ufe0fMadrid\u2714\ufe0fPortugal\",\"breadcrumb\":{\"@id\":\"https:\\\/\\\/procainsa.com\\\/en\\\/contact\\\/#breadcrumb\"},\"inLanguage\":\"en-US\",\"potentialAction\":[{\"@type\":\"ReadAction\",\"target\":[\"https:\\\/\\\/procainsa.com\\\/en\\\/contact\\\/\"]}]},{\"@type\":\"BreadcrumbList\",\"@id\":\"https:\\\/\\\/procainsa.com\\\/en\\\/contact\\\/#breadcrumb\",\"itemListElement\":[{\"@type\":\"ListItem\",\"position\":1,\"name\":\"Portada\",\"item\":\"https:\\\/\\\/procainsa.com\\\/en\\\/procainsa\\\/\"},{\"@type\":\"ListItem\",\"position\":2,\"name\":\"Contact\"}]},{\"@type\":\"WebSite\",\"@id\":\"https:\\\/\\\/procainsa.com\\\/en\\\/#website\",\"url\":\"https:\\\/\\\/procainsa.com\\\/en\\\/\",\"name\":\"Procainsa\",\"description\":\"Soluciones de Ingenier\u00eda avanzada\",\"publisher\":{\"@id\":\"https:\\\/\\\/procainsa.com\\\/en\\\/#organization\"},\"alternateName\":\"Procainsa | Protecci\u00f3n Cat\u00f3dica\",\"potentialAction\":[{\"@type\":\"SearchAction\",\"target\":{\"@type\":\"EntryPoint\",\"urlTemplate\":\"https:\\\/\\\/procainsa.com\\\/en\\\/?s={search_term_string}\"},\"query-input\":{\"@type\":\"PropertyValueSpecification\",\"valueRequired\":true,\"valueName\":\"search_term_string\"}}],\"inLanguage\":\"en-US\"},{\"@type\":\"Organization\",\"@id\":\"https:\\\/\\\/procainsa.com\\\/en\\\/#organization\",\"name\":\"Procainsa S.A\",\"url\":\"https:\\\/\\\/procainsa.com\\\/en\\\/\",\"logo\":{\"@type\":\"ImageObject\",\"inLanguage\":\"en-US\",\"@id\":\"https:\\\/\\\/procainsa.com\\\/en\\\/#\\\/schema\\\/logo\\\/image\\\/\",\"url\":\"https:\\\/\\\/procainsa.com\\\/wp-content\\\/uploads\\\/LOGO.png\",\"contentUrl\":\"https:\\\/\\\/procainsa.com\\\/wp-content\\\/uploads\\\/LOGO.png\",\"width\":350,\"height\":76,\"caption\":\"Procainsa S.A\"},\"image\":{\"@id\":\"https:\\\/\\\/procainsa.com\\\/en\\\/#\\\/schema\\\/logo\\\/image\\\/\"},\"sameAs\":[\"https:\\\/\\\/www.linkedin.com\\\/company\\\/procainsa-ingenieria\\\/\"]}]}<\/script>\n<!-- \/ Yoast SEO plugin. -->","yoast_head_json":{"title":"Contact Procainsa","description":"Do you need help or information about our products and services? Contact us We have offices en\u2714\ufe0fBarcelona\u2714\ufe0fMadrid\u2714\ufe0fPortugal","robots":{"index":"index","follow":"follow","max-snippet":"max-snippet:-1","max-image-preview":"max-image-preview:large","max-video-preview":"max-video-preview:-1"},"canonical":"https:\/\/procainsa.com\/en\/contact\/","og_locale":"en_US","og_type":"article","og_title":"Contact Procainsa","og_description":"Do you need help or information about our products and services? Contact us We have offices en\u2714\ufe0fBarcelona\u2714\ufe0fMadrid\u2714\ufe0fPortugal","og_url":"https:\/\/procainsa.com\/en\/contact\/","og_site_name":"Protecci\u00f3n cat\u00f3dica y Gesti\u00f3n de la integridad | Procainsa","article_modified_time":"2026-04-09T08:35:05+00:00","og_image":[{"width":350,"height":76,"url":"https:\/\/procainsa.com\/wp-content\/uploads\/LOGO.png","type":"image\/png"}],"twitter_card":"summary_large_image","twitter_misc":{"Est. reading time":"1 minute"},"schema":{"@context":"https:\/\/schema.org","@graph":[{"@type":"WebPage","@id":"https:\/\/procainsa.com\/en\/contact\/","url":"https:\/\/procainsa.com\/en\/contact\/","name":"Contact Procainsa","isPartOf":{"@id":"https:\/\/procainsa.com\/en\/#website"},"datePublished":"2023-12-27T15:43:54+00:00","dateModified":"2026-04-09T08:35:05+00:00","description":"Do you need help or information about our products and services? Contact us We have offices en\u2714\ufe0fBarcelona\u2714\ufe0fMadrid\u2714\ufe0fPortugal","breadcrumb":{"@id":"https:\/\/procainsa.com\/en\/contact\/#breadcrumb"},"inLanguage":"en-US","potentialAction":[{"@type":"ReadAction","target":["https:\/\/procainsa.com\/en\/contact\/"]}]},{"@type":"BreadcrumbList","@id":"https:\/\/procainsa.com\/en\/contact\/#breadcrumb","itemListElement":[{"@type":"ListItem","position":1,"name":"Portada","item":"https:\/\/procainsa.com\/en\/procainsa\/"},{"@type":"ListItem","position":2,"name":"Contact"}]},{"@type":"WebSite","@id":"https:\/\/procainsa.com\/en\/#website","url":"https:\/\/procainsa.com\/en\/","name":"Procainsa","description":"Soluciones de Ingenier\u00eda avanzada","publisher":{"@id":"https:\/\/procainsa.com\/en\/#organization"},"alternateName":"Procainsa | Protecci\u00f3n Cat\u00f3dica","potentialAction":[{"@type":"SearchAction","target":{"@type":"EntryPoint","urlTemplate":"https:\/\/procainsa.com\/en\/?s={search_term_string}"},"query-input":{"@type":"PropertyValueSpecification","valueRequired":true,"valueName":"search_term_string"}}],"inLanguage":"en-US"},{"@type":"Organization","@id":"https:\/\/procainsa.com\/en\/#organization","name":"Procainsa S.A","url":"https:\/\/procainsa.com\/en\/","logo":{"@type":"ImageObject","inLanguage":"en-US","@id":"https:\/\/procainsa.com\/en\/#\/schema\/logo\/image\/","url":"https:\/\/procainsa.com\/wp-content\/uploads\/LOGO.png","contentUrl":"https:\/\/procainsa.com\/wp-content\/uploads\/LOGO.png","width":350,"height":76,"caption":"Procainsa S.A"},"image":{"@id":"https:\/\/procainsa.com\/en\/#\/schema\/logo\/image\/"},"sameAs":["https:\/\/www.linkedin.com\/company\/procainsa-ingenieria\/"]}]}},"_links":{"self":[{"href":"https:\/\/procainsa.com\/en\/wp-json\/wp\/v2\/pages\/557","targetHints":{"allow":["GET"]}}],"collection":[{"href":"https:\/\/procainsa.com\/en\/wp-json\/wp\/v2\/pages"}],"about":[{"href":"https:\/\/procainsa.com\/en\/wp-json\/wp\/v2\/types\/page"}],"author":[{"embeddable":true,"href":"https:\/\/procainsa.com\/en\/wp-json\/wp\/v2\/users\/3"}],"replies":[{"embeddable":true,"href":"https:\/\/procainsa.com\/en\/wp-json\/wp\/v2\/comments?post=557"}],"version-history":[{"count":13,"href":"https:\/\/procainsa.com\/en\/wp-json\/wp\/v2\/pages\/557\/revisions"}],"predecessor-version":[{"id":1249,"href":"https:\/\/procainsa.com\/en\/wp-json\/wp\/v2\/pages\/557\/revisions\/1249"}],"wp:attachment":[{"href":"https:\/\/procainsa.com\/en\/wp-json\/wp\/v2\/media?parent=557"}],"curies":[{"name":"wp","href":"https:\/\/api.w.org\/{rel}","templated":true}]}}